{"id":255,"date":"2020-12-10T13:48:24","date_gmt":"2020-12-10T12:48:24","guid":{"rendered":"https:\/\/www.powderon.fr\/?page_id=255"},"modified":"2020-12-10T13:48:40","modified_gmt":"2020-12-10T12:48:40","slug":"notre-equipe","status":"publish","type":"page","link":"https:\/\/www.powderon.fr\/index.php\/notre-equipe\/","title":{"rendered":"Notre \u00e9quipe"},"content":{"rendered":"\t\t<div data-elementor-type=\"wp-page\" data-elementor-id=\"255\" class=\"elementor elementor-255\">\n\t\t\t\t\t\t<section class=\"elementor-section elementor-top-section elementor-element elementor-element-75dccb95 elementor-section-boxed elementor-section-height-default elementor-section-height-default\" data-id=\"75dccb95\" data-element_type=\"section\" data-e-type=\"section\">\n\t\t\t\t\t\t<div class=\"elementor-container elementor-column-gap-default\">\n\t\t\t\t\t<div class=\"elementor-column elementor-col-100 elementor-top-column elementor-element elementor-element-5f46420d\" data-id=\"5f46420d\" data-element_type=\"column\" data-e-type=\"column\">\n\t\t\t<div class=\"elementor-widget-wrap elementor-element-populated\">\n\t\t\t\t\t\t<div class=\"elementor-element elementor-element-ab8b4b9 elementor-widget elementor-widget-heading\" data-id=\"ab8b4b9\" data-element_type=\"widget\" data-e-type=\"widget\" data-widget_type=\"heading.default\">\n\t\t\t\t<div class=\"elementor-widget-container\">\n\t\t\t\t\t<h2 class=\"elementor-heading-title elementor-size-default\">L'\u00e9quipe Powder ON<\/h2>\t\t\t\t<\/div>\n\t\t\t\t<\/div>\n\t\t\t\t<div class=\"elementor-element elementor-element-85fe89a elementor-widget elementor-widget-text-editor\" data-id=\"85fe89a\" data-element_type=\"widget\" data-e-type=\"widget\" data-widget_type=\"text-editor.default\">\n\t\t\t\t<div class=\"elementor-widget-container\">\n\t\t\t\t\t\t\t\t\t<p>Powder ON se compose tant d&rsquo;industriels de la sant\u00e9, que de sp\u00e9cialistes de la formation des m\u00e9tiers de la production, que d&rsquo;acad\u00e9miques.\u00a0<\/p>\t\t\t\t\t\t\t\t<\/div>\n\t\t\t\t<\/div>\n\t\t\t\t<div class=\"elementor-element elementor-element-bca8c70 elementor-widget elementor-widget-spacer\" data-id=\"bca8c70\" data-element_type=\"widget\" data-e-type=\"widget\" data-widget_type=\"spacer.default\">\n\t\t\t\t<div class=\"elementor-widget-container\">\n\t\t\t\t\t\t\t<div class=\"elementor-spacer\">\n\t\t\t<div class=\"elementor-spacer-inner\"><\/div>\n\t\t<\/div>\n\t\t\t\t\t\t<\/div>\n\t\t\t\t<\/div>\n\t\t\t\t\t<\/div>\n\t\t<\/div>\n\t\t\t\t\t<\/div>\n\t\t<\/section>\n\t\t\t\t<section class=\"elementor-section elementor-top-section elementor-element elementor-element-dae0b64 elementor-section-full_width elementor-section-height-default elementor-section-height-default\" data-id=\"dae0b64\" data-element_type=\"section\" data-e-type=\"section\">\n\t\t\t\t\t\t<div class=\"elementor-container elementor-column-gap-default\">\n\t\t\t\t\t<div class=\"elementor-column elementor-col-50 elementor-top-column elementor-element elementor-element-0d6594f\" data-id=\"0d6594f\" data-element_type=\"column\" data-e-type=\"column\">\n\t\t\t<div class=\"elementor-widget-wrap elementor-element-populated\">\n\t\t\t\t\t\t<div class=\"elementor-element elementor-element-5a309e0 elementor-position-top elementor-widget elementor-widget-image-box\" data-id=\"5a309e0\" data-element_type=\"widget\" data-e-type=\"widget\" data-widget_type=\"image-box.default\">\n\t\t\t\t<div class=\"elementor-widget-container\">\n\t\t\t\t\t<div class=\"elementor-image-box-wrapper\"><figure class=\"elementor-image-box-img\"><img fetchpriority=\"high\" decoding=\"async\" width=\"300\" height=\"300\" src=\"https:\/\/www.powderon.fr\/wp-content\/uploads\/2020\/12\/jean-yves-sarciaux-640x640-1-300x300.jpg\" class=\"attachment-medium size-medium wp-image-257\" alt=\"\" srcset=\"https:\/\/www.powderon.fr\/wp-content\/uploads\/2020\/12\/jean-yves-sarciaux-640x640-1-300x300.jpg 300w, https:\/\/www.powderon.fr\/wp-content\/uploads\/2020\/12\/jean-yves-sarciaux-640x640-1-150x150.jpg 150w, https:\/\/www.powderon.fr\/wp-content\/uploads\/2020\/12\/jean-yves-sarciaux-640x640-1.jpg 640w\" sizes=\"(max-width: 300px) 100vw, 300px\" \/><\/figure><div class=\"elementor-image-box-content\"><h3 class=\"elementor-image-box-title\">Jean-Yves SARCIAUX<\/h3><p class=\"elementor-image-box-description\">Directeur g\u00e9n\u00e9ral d\u00e9l\u00e9gu\u00e9 des Laboratoires Galien-Macors \nTr\u00e9sorier r\u00e9f\u00e9rent Powder ON du Pole BFCare<\/p><\/div><\/div>\t\t\t\t<\/div>\n\t\t\t\t<\/div>\n\t\t\t\t<div class=\"elementor-element elementor-element-12ba57a elementor-position-top elementor-widget elementor-widget-image-box\" data-id=\"12ba57a\" data-element_type=\"widget\" data-e-type=\"widget\" data-widget_type=\"image-box.default\">\n\t\t\t\t<div class=\"elementor-widget-container\">\n\t\t\t\t\t<div class=\"elementor-image-box-wrapper\"><figure class=\"elementor-image-box-img\"><img decoding=\"async\" width=\"262\" height=\"263\" src=\"https:\/\/www.powderon.fr\/wp-content\/uploads\/2020\/12\/Photo.jpg\" class=\"attachment-full size-full wp-image-259\" alt=\"\" srcset=\"https:\/\/www.powderon.fr\/wp-content\/uploads\/2020\/12\/Photo.jpg 262w, https:\/\/www.powderon.fr\/wp-content\/uploads\/2020\/12\/Photo-150x150.jpg 150w\" sizes=\"(max-width: 262px) 100vw, 262px\" \/><\/figure><div class=\"elementor-image-box-content\"><h3 class=\"elementor-image-box-title\">Herv\u00e9 GALTAUD<\/h3><p class=\"elementor-image-box-description\">Directeur g\u00e9n\u00e9ral du Groupe IMT\nCentre de formation professionnelle sp\u00e9cialis\u00e9 dans les m\u00e9tiers de production\ndes industries de sant\u00e9 et de bien-\u00eatre \n\n<\/p><\/div><\/div>\t\t\t\t<\/div>\n\t\t\t\t<\/div>\n\t\t\t\t<div class=\"elementor-element elementor-element-0625caa elementor-position-top elementor-widget elementor-widget-image-box\" data-id=\"0625caa\" data-element_type=\"widget\" data-e-type=\"widget\" data-widget_type=\"image-box.default\">\n\t\t\t\t<div class=\"elementor-widget-container\">\n\t\t\t\t\t<div class=\"elementor-image-box-wrapper\"><figure class=\"elementor-image-box-img\"><img decoding=\"async\" width=\"300\" height=\"300\" src=\"https:\/\/www.powderon.fr\/wp-content\/uploads\/2020\/12\/Bertrand-collin.jpg\" class=\"attachment-full size-full wp-image-262\" alt=\"\" srcset=\"https:\/\/www.powderon.fr\/wp-content\/uploads\/2020\/12\/Bertrand-collin.jpg 300w, https:\/\/www.powderon.fr\/wp-content\/uploads\/2020\/12\/Bertrand-collin-150x150.jpg 150w\" sizes=\"(max-width: 300px) 100vw, 300px\" \/><\/figure><div class=\"elementor-image-box-content\"><h3 class=\"elementor-image-box-title\">Dr Bertrand COLLIN<\/h3><p class=\"elementor-image-box-description\">Ma\u00eetre de conf\u00e9rences en chimie th\u00e9rapeutique, radiopharmacie - imagerie mol\u00e9culaire\nUFR Sciences de Sant\u00e9 \n(Equipe de recherche ICMUB - UMR CNRS\/uB 6302, plateforme imagerie, Equipex IMAPPI,  CGFL)\n<\/p><\/div><\/div>\t\t\t\t<\/div>\n\t\t\t\t<\/div>\n\t\t\t\t<div class=\"elementor-element elementor-element-f73af7c elementor-position-top elementor-widget elementor-widget-image-box\" data-id=\"f73af7c\" data-element_type=\"widget\" data-e-type=\"widget\" data-widget_type=\"image-box.default\">\n\t\t\t\t<div class=\"elementor-widget-container\">\n\t\t\t\t\t<div class=\"elementor-image-box-wrapper\"><figure class=\"elementor-image-box-img\"><img loading=\"lazy\" decoding=\"async\" width=\"689\" height=\"690\" src=\"https:\/\/www.powderon.fr\/wp-content\/uploads\/2020\/12\/moi4.jpg\" class=\"attachment-full size-full wp-image-264\" alt=\"\" srcset=\"https:\/\/www.powderon.fr\/wp-content\/uploads\/2020\/12\/moi4.jpg 689w, https:\/\/www.powderon.fr\/wp-content\/uploads\/2020\/12\/moi4-300x300.jpg 300w, https:\/\/www.powderon.fr\/wp-content\/uploads\/2020\/12\/moi4-150x150.jpg 150w\" sizes=\"(max-width: 689px) 100vw, 689px\" \/><\/figure><div class=\"elementor-image-box-content\"><h3 class=\"elementor-image-box-title\">Dr Mathieu GUERRIAUD <\/h3><p class=\"elementor-image-box-description\">Ma\u00eetre de conf\u00e9rences en Droit Pharmaceutique pharmacovigilance et iatrog\u00e9nie \nUFR Sciences de Sant\u00e9 \n(Equipe de recherche CREDIMI \/ LabEx LipSTIC)\n\n<\/p><\/div><\/div>\t\t\t\t<\/div>\n\t\t\t\t<\/div>\n\t\t\t\t\t<\/div>\n\t\t<\/div>\n\t\t\t\t<div class=\"elementor-column elementor-col-50 elementor-top-column elementor-element elementor-element-a2b344e\" data-id=\"a2b344e\" data-element_type=\"column\" data-e-type=\"column\">\n\t\t\t<div class=\"elementor-widget-wrap elementor-element-populated\">\n\t\t\t\t\t\t<div class=\"elementor-element elementor-element-9c7a1f5 elementor-position-top elementor-widget elementor-widget-image-box\" data-id=\"9c7a1f5\" data-element_type=\"widget\" data-e-type=\"widget\" data-widget_type=\"image-box.default\">\n\t\t\t\t<div class=\"elementor-widget-container\">\n\t\t\t\t\t<div class=\"elementor-image-box-wrapper\"><figure class=\"elementor-image-box-img\"><img loading=\"lazy\" decoding=\"async\" width=\"200\" height=\"200\" src=\"https:\/\/www.powderon.fr\/wp-content\/uploads\/2020\/12\/1578240750036.jpg\" class=\"attachment-full size-full wp-image-258\" alt=\"\" srcset=\"https:\/\/www.powderon.fr\/wp-content\/uploads\/2020\/12\/1578240750036.jpg 200w, https:\/\/www.powderon.fr\/wp-content\/uploads\/2020\/12\/1578240750036-150x150.jpg 150w\" sizes=\"(max-width: 200px) 100vw, 200px\" \/><\/figure><div class=\"elementor-image-box-content\"><h3 class=\"elementor-image-box-title\">Arielle ROBERTSON <\/h3><p class=\"elementor-image-box-description\">Alternante 6e ann\u00e9e de pharmacie \nau sein du Groupe IMT\nCharg\u00e9e de Mission Formation \/ Gestion de Projet\n\n\n<\/p><\/div><\/div>\t\t\t\t<\/div>\n\t\t\t\t<\/div>\n\t\t\t\t<div class=\"elementor-element elementor-element-406c95e elementor-position-top elementor-widget elementor-widget-image-box\" data-id=\"406c95e\" data-element_type=\"widget\" data-e-type=\"widget\" data-widget_type=\"image-box.default\">\n\t\t\t\t<div class=\"elementor-widget-container\">\n\t\t\t\t\t<div class=\"elementor-image-box-wrapper\"><figure class=\"elementor-image-box-img\"><img loading=\"lazy\" decoding=\"async\" width=\"300\" height=\"300\" src=\"https:\/\/www.powderon.fr\/wp-content\/uploads\/2020\/12\/IMG_7232-300x300.jpg\" class=\"attachment-medium size-medium wp-image-261\" alt=\"\" srcset=\"https:\/\/www.powderon.fr\/wp-content\/uploads\/2020\/12\/IMG_7232-300x300.jpg 300w, https:\/\/www.powderon.fr\/wp-content\/uploads\/2020\/12\/IMG_7232-1024x1024.jpg 1024w, https:\/\/www.powderon.fr\/wp-content\/uploads\/2020\/12\/IMG_7232-150x150.jpg 150w, https:\/\/www.powderon.fr\/wp-content\/uploads\/2020\/12\/IMG_7232-768x768.jpg 768w, https:\/\/www.powderon.fr\/wp-content\/uploads\/2020\/12\/IMG_7232-1536x1536.jpg 1536w, https:\/\/www.powderon.fr\/wp-content\/uploads\/2020\/12\/IMG_7232.jpg 1910w\" sizes=\"(max-width: 300px) 100vw, 300px\" \/><\/figure><div class=\"elementor-image-box-content\"><h3 class=\"elementor-image-box-title\">Dr Cyrille ANDRES<\/h3><p class=\"elementor-image-box-description\">Ma\u00eetre de conf\u00e9rences en Pharmacie gal\u00e9nique \nUFR Sciences de Sant\u00e9\nsp\u00e9cialiste des poudres pharmaceutiques \n(Equipe de recherche ICB - UMR CNRS\/uB 6303)\n\n<\/p><\/div><\/div>\t\t\t\t<\/div>\n\t\t\t\t<\/div>\n\t\t\t\t<div class=\"elementor-element elementor-element-14c7bea elementor-position-top elementor-widget elementor-widget-image-box\" data-id=\"14c7bea\" data-element_type=\"widget\" data-e-type=\"widget\" data-widget_type=\"image-box.default\">\n\t\t\t\t<div class=\"elementor-widget-container\">\n\t\t\t\t\t<div class=\"elementor-image-box-wrapper\"><figure class=\"elementor-image-box-img\"><img loading=\"lazy\" decoding=\"async\" width=\"612\" height=\"611\" src=\"https:\/\/www.powderon.fr\/wp-content\/uploads\/2020\/12\/title-1539850780.jpg\" class=\"attachment-full size-full wp-image-263\" alt=\"\" srcset=\"https:\/\/www.powderon.fr\/wp-content\/uploads\/2020\/12\/title-1539850780.jpg 612w, https:\/\/www.powderon.fr\/wp-content\/uploads\/2020\/12\/title-1539850780-300x300.jpg 300w, https:\/\/www.powderon.fr\/wp-content\/uploads\/2020\/12\/title-1539850780-150x150.jpg 150w\" sizes=\"(max-width: 612px) 100vw, 612px\" \/><\/figure><div class=\"elementor-image-box-content\"><h3 class=\"elementor-image-box-title\">Pr Evelyne KOHLI <\/h3><p class=\"elementor-image-box-description\">Professeur en Immunologie \nUFR Sciences de Sant\u00e9 \n(Equipe de recherche INSERM\/uB\/Agrosup U1231, Equipe Carmen Garrido HSP-pathies)\n\n<\/p><\/div><\/div>\t\t\t\t<\/div>\n\t\t\t\t<\/div>\n\t\t\t\t\t<\/div>\n\t\t<\/div>\n\t\t\t\t\t<\/div>\n\t\t<\/section>\n\t\t\t\t<section class=\"elementor-section elementor-top-section elementor-element elementor-element-9e52b36 elementor-section-boxed elementor-section-height-default elementor-section-height-default\" data-id=\"9e52b36\" data-element_type=\"section\" data-e-type=\"section\">\n\t\t\t\t\t\t<div class=\"elementor-container elementor-column-gap-default\">\n\t\t\t\t\t<div class=\"elementor-column elementor-col-100 elementor-top-column elementor-element elementor-element-dd20f77\" data-id=\"dd20f77\" data-element_type=\"column\" data-e-type=\"column\">\n\t\t\t<div class=\"elementor-widget-wrap elementor-element-populated\">\n\t\t\t\t\t\t<div class=\"elementor-element elementor-element-f6b1aeb elementor-widget elementor-widget-spacer\" data-id=\"f6b1aeb\" data-element_type=\"widget\" data-e-type=\"widget\" data-widget_type=\"spacer.default\">\n\t\t\t\t<div class=\"elementor-widget-container\">\n\t\t\t\t\t\t\t<div class=\"elementor-spacer\">\n\t\t\t<div class=\"elementor-spacer-inner\"><\/div>\n\t\t<\/div>\n\t\t\t\t\t\t<\/div>\n\t\t\t\t<\/div>\n\t\t\t\t<div class=\"elementor-element elementor-element-e205f48 elementor-position-top elementor-widget elementor-widget-image-box\" data-id=\"e205f48\" data-element_type=\"widget\" data-e-type=\"widget\" data-widget_type=\"image-box.default\">\n\t\t\t\t<div class=\"elementor-widget-container\">\n\t\t\t\t\t<div class=\"elementor-image-box-wrapper\"><figure class=\"elementor-image-box-img\"><img loading=\"lazy\" decoding=\"async\" width=\"114\" height=\"80\" src=\"https:\/\/www.powderon.fr\/wp-content\/uploads\/2020\/09\/DM80.png\" class=\"attachment-full size-full wp-image-51\" alt=\"\" \/><\/figure><div class=\"elementor-image-box-content\"><h3 class=\"elementor-image-box-title\">Dijon M\u00e9tropole soutient Powder ON<\/h3><p class=\"elementor-image-box-description\">Depuis sa cr\u00e9ation, Powder ON est soutenu par Dijon M\u00e9tropole qui continue de l'accompagner au quotidien. <\/p><\/div><\/div>\t\t\t\t<\/div>\n\t\t\t\t<\/div>\n\t\t\t\t\t<\/div>\n\t\t<\/div>\n\t\t\t\t\t<\/div>\n\t\t<\/section>\n\t\t\t\t<\/div>\n\t\t","protected":false},"excerpt":{"rendered":"<p>L&rsquo;\u00e9quipe Powder ON Powder ON se compose tant d&rsquo;industriels de la sant\u00e9, que de sp\u00e9cialistes de la formation des m\u00e9tiers de la production, que d&rsquo;acad\u00e9miques.\u00a0 Jean-Yves SARCIAUX Directeur g\u00e9n\u00e9ral d\u00e9l\u00e9gu\u00e9 des Laboratoires Galien-Macors Tr\u00e9sorier r\u00e9f\u00e9rent Powder ON du Pole BFCare Herv\u00e9 GALTAUD Directeur g\u00e9n\u00e9ral du Groupe IMT Centre de formation [&hellip;]<\/p>\n","protected":false},"author":1,"featured_media":0,"parent":0,"menu_order":0,"comment_status":"closed","ping_status":"closed","template":"","meta":{"_monsterinsights_skip_tracking":false,"_monsterinsights_sitenote_active":false,"_monsterinsights_sitenote_note":"","_monsterinsights_sitenote_category":0,"footnotes":""},"class_list":["post-255","page","type-page","status-publish","hentry"],"yoast_head":"<!-- This site is optimized with the Yoast SEO plugin v27.4 - https:\/\/yoast.com\/product\/yoast-seo-wordpress\/ -->\n<title>Notre \u00e9quipe - Powder ON<\/title>\n<meta name=\"robots\" content=\"index, follow, max-snippet:-1, max-image-preview:large, max-video-preview:-1\" \/>\n<link rel=\"canonical\" href=\"https:\/\/www.powderon.fr\/index.php\/notre-equipe\/\" \/>\n<meta property=\"og:locale\" content=\"fr_FR\" \/>\n<meta property=\"og:type\" content=\"article\" \/>\n<meta property=\"og:title\" content=\"Notre \u00e9quipe - Powder ON\" \/>\n<meta property=\"og:description\" content=\"L&rsquo;\u00e9quipe Powder ON Powder ON se compose tant d&rsquo;industriels de la sant\u00e9, que de sp\u00e9cialistes de la formation des m\u00e9tiers de la production, que d&rsquo;acad\u00e9miques.\u00a0 Jean-Yves SARCIAUX Directeur g\u00e9n\u00e9ral d\u00e9l\u00e9gu\u00e9 des Laboratoires Galien-Macors Tr\u00e9sorier r\u00e9f\u00e9rent Powder ON du Pole BFCare Herv\u00e9 GALTAUD Directeur g\u00e9n\u00e9ral du Groupe IMT Centre de formation [&hellip;]\" \/>\n<meta property=\"og:url\" content=\"https:\/\/www.powderon.fr\/index.php\/notre-equipe\/\" \/>\n<meta property=\"og:site_name\" content=\"Powder ON\" \/>\n<meta property=\"article:modified_time\" content=\"2020-12-10T12:48:40+00:00\" \/>\n<meta property=\"og:image\" content=\"https:\/\/www.powderon.fr\/wp-content\/uploads\/2020\/12\/jean-yves-sarciaux-640x640-1-300x300.jpg\" \/>\n<meta name=\"twitter:card\" content=\"summary_large_image\" \/>\n<meta name=\"twitter:label1\" content=\"Dur\u00e9e de lecture estim\u00e9e\" \/>\n\t<meta name=\"twitter:data1\" content=\"1 minute\" \/>\n<script type=\"application\/ld+json\" class=\"yoast-schema-graph\">{\"@context\":\"https:\\\/\\\/schema.org\",\"@graph\":[{\"@type\":\"WebPage\",\"@id\":\"https:\\\/\\\/www.powderon.fr\\\/index.php\\\/notre-equipe\\\/\",\"url\":\"https:\\\/\\\/www.powderon.fr\\\/index.php\\\/notre-equipe\\\/\",\"name\":\"Notre \u00e9quipe - Powder ON\",\"isPartOf\":{\"@id\":\"https:\\\/\\\/www.powderon.fr\\\/#website\"},\"primaryImageOfPage\":{\"@id\":\"https:\\\/\\\/www.powderon.fr\\\/index.php\\\/notre-equipe\\\/#primaryimage\"},\"image\":{\"@id\":\"https:\\\/\\\/www.powderon.fr\\\/index.php\\\/notre-equipe\\\/#primaryimage\"},\"thumbnailUrl\":\"https:\\\/\\\/www.powderon.fr\\\/wp-content\\\/uploads\\\/2020\\\/12\\\/jean-yves-sarciaux-640x640-1-300x300.jpg\",\"datePublished\":\"2020-12-10T12:48:24+00:00\",\"dateModified\":\"2020-12-10T12:48:40+00:00\",\"breadcrumb\":{\"@id\":\"https:\\\/\\\/www.powderon.fr\\\/index.php\\\/notre-equipe\\\/#breadcrumb\"},\"inLanguage\":\"fr-FR\",\"potentialAction\":[{\"@type\":\"ReadAction\",\"target\":[\"https:\\\/\\\/www.powderon.fr\\\/index.php\\\/notre-equipe\\\/\"]}]},{\"@type\":\"ImageObject\",\"inLanguage\":\"fr-FR\",\"@id\":\"https:\\\/\\\/www.powderon.fr\\\/index.php\\\/notre-equipe\\\/#primaryimage\",\"url\":\"https:\\\/\\\/www.powderon.fr\\\/wp-content\\\/uploads\\\/2020\\\/12\\\/jean-yves-sarciaux-640x640-1.jpg\",\"contentUrl\":\"https:\\\/\\\/www.powderon.fr\\\/wp-content\\\/uploads\\\/2020\\\/12\\\/jean-yves-sarciaux-640x640-1.jpg\",\"width\":640,\"height\":640},{\"@type\":\"BreadcrumbList\",\"@id\":\"https:\\\/\\\/www.powderon.fr\\\/index.php\\\/notre-equipe\\\/#breadcrumb\",\"itemListElement\":[{\"@type\":\"ListItem\",\"position\":1,\"name\":\"Accueil\",\"item\":\"https:\\\/\\\/www.powderon.fr\\\/\"},{\"@type\":\"ListItem\",\"position\":2,\"name\":\"Notre \u00e9quipe\"}]},{\"@type\":\"WebSite\",\"@id\":\"https:\\\/\\\/www.powderon.fr\\\/#website\",\"url\":\"https:\\\/\\\/www.powderon.fr\\\/\",\"name\":\"Powder ON\",\"description\":\"L&#039;expertise en poudre pharmaceutique\",\"publisher\":{\"@id\":\"https:\\\/\\\/www.powderon.fr\\\/#organization\"},\"potentialAction\":[{\"@type\":\"SearchAction\",\"target\":{\"@type\":\"EntryPoint\",\"urlTemplate\":\"https:\\\/\\\/www.powderon.fr\\\/?s={search_term_string}\"},\"query-input\":{\"@type\":\"PropertyValueSpecification\",\"valueRequired\":true,\"valueName\":\"search_term_string\"}}],\"inLanguage\":\"fr-FR\"},{\"@type\":\"Organization\",\"@id\":\"https:\\\/\\\/www.powderon.fr\\\/#organization\",\"name\":\"Powder ON\",\"url\":\"https:\\\/\\\/www.powderon.fr\\\/\",\"logo\":{\"@type\":\"ImageObject\",\"inLanguage\":\"fr-FR\",\"@id\":\"https:\\\/\\\/www.powderon.fr\\\/#\\\/schema\\\/logo\\\/image\\\/\",\"url\":\"https:\\\/\\\/www.powderon.fr\\\/wp-content\\\/uploads\\\/2020\\\/09\\\/cropped-logo-v5-couleur-1.png\",\"contentUrl\":\"https:\\\/\\\/www.powderon.fr\\\/wp-content\\\/uploads\\\/2020\\\/09\\\/cropped-logo-v5-couleur-1.png\",\"width\":2778,\"height\":1208,\"caption\":\"Powder ON\"},\"image\":{\"@id\":\"https:\\\/\\\/www.powderon.fr\\\/#\\\/schema\\\/logo\\\/image\\\/\"}}]}<\/script>\n<!-- \/ Yoast SEO plugin. -->","yoast_head_json":{"title":"Notre \u00e9quipe - Powder ON","robots":{"index":"index","follow":"follow","max-snippet":"max-snippet:-1","max-image-preview":"max-image-preview:large","max-video-preview":"max-video-preview:-1"},"canonical":"https:\/\/www.powderon.fr\/index.php\/notre-equipe\/","og_locale":"fr_FR","og_type":"article","og_title":"Notre \u00e9quipe - Powder ON","og_description":"L&rsquo;\u00e9quipe Powder ON Powder ON se compose tant d&rsquo;industriels de la sant\u00e9, que de sp\u00e9cialistes de la formation des m\u00e9tiers de la production, que d&rsquo;acad\u00e9miques.\u00a0 Jean-Yves SARCIAUX Directeur g\u00e9n\u00e9ral d\u00e9l\u00e9gu\u00e9 des Laboratoires Galien-Macors Tr\u00e9sorier r\u00e9f\u00e9rent Powder ON du Pole BFCare Herv\u00e9 GALTAUD Directeur g\u00e9n\u00e9ral du Groupe IMT Centre de formation [&hellip;]","og_url":"https:\/\/www.powderon.fr\/index.php\/notre-equipe\/","og_site_name":"Powder ON","article_modified_time":"2020-12-10T12:48:40+00:00","og_image":[{"url":"https:\/\/www.powderon.fr\/wp-content\/uploads\/2020\/12\/jean-yves-sarciaux-640x640-1-300x300.jpg","type":"","width":"","height":""}],"twitter_card":"summary_large_image","twitter_misc":{"Dur\u00e9e de lecture estim\u00e9e":"1 minute"},"schema":{"@context":"https:\/\/schema.org","@graph":[{"@type":"WebPage","@id":"https:\/\/www.powderon.fr\/index.php\/notre-equipe\/","url":"https:\/\/www.powderon.fr\/index.php\/notre-equipe\/","name":"Notre \u00e9quipe - Powder ON","isPartOf":{"@id":"https:\/\/www.powderon.fr\/#website"},"primaryImageOfPage":{"@id":"https:\/\/www.powderon.fr\/index.php\/notre-equipe\/#primaryimage"},"image":{"@id":"https:\/\/www.powderon.fr\/index.php\/notre-equipe\/#primaryimage"},"thumbnailUrl":"https:\/\/www.powderon.fr\/wp-content\/uploads\/2020\/12\/jean-yves-sarciaux-640x640-1-300x300.jpg","datePublished":"2020-12-10T12:48:24+00:00","dateModified":"2020-12-10T12:48:40+00:00","breadcrumb":{"@id":"https:\/\/www.powderon.fr\/index.php\/notre-equipe\/#breadcrumb"},"inLanguage":"fr-FR","potentialAction":[{"@type":"ReadAction","target":["https:\/\/www.powderon.fr\/index.php\/notre-equipe\/"]}]},{"@type":"ImageObject","inLanguage":"fr-FR","@id":"https:\/\/www.powderon.fr\/index.php\/notre-equipe\/#primaryimage","url":"https:\/\/www.powderon.fr\/wp-content\/uploads\/2020\/12\/jean-yves-sarciaux-640x640-1.jpg","contentUrl":"https:\/\/www.powderon.fr\/wp-content\/uploads\/2020\/12\/jean-yves-sarciaux-640x640-1.jpg","width":640,"height":640},{"@type":"BreadcrumbList","@id":"https:\/\/www.powderon.fr\/index.php\/notre-equipe\/#breadcrumb","itemListElement":[{"@type":"ListItem","position":1,"name":"Accueil","item":"https:\/\/www.powderon.fr\/"},{"@type":"ListItem","position":2,"name":"Notre \u00e9quipe"}]},{"@type":"WebSite","@id":"https:\/\/www.powderon.fr\/#website","url":"https:\/\/www.powderon.fr\/","name":"Powder ON","description":"L&#039;expertise en poudre pharmaceutique","publisher":{"@id":"https:\/\/www.powderon.fr\/#organization"},"potentialAction":[{"@type":"SearchAction","target":{"@type":"EntryPoint","urlTemplate":"https:\/\/www.powderon.fr\/?s={search_term_string}"},"query-input":{"@type":"PropertyValueSpecification","valueRequired":true,"valueName":"search_term_string"}}],"inLanguage":"fr-FR"},{"@type":"Organization","@id":"https:\/\/www.powderon.fr\/#organization","name":"Powder ON","url":"https:\/\/www.powderon.fr\/","logo":{"@type":"ImageObject","inLanguage":"fr-FR","@id":"https:\/\/www.powderon.fr\/#\/schema\/logo\/image\/","url":"https:\/\/www.powderon.fr\/wp-content\/uploads\/2020\/09\/cropped-logo-v5-couleur-1.png","contentUrl":"https:\/\/www.powderon.fr\/wp-content\/uploads\/2020\/09\/cropped-logo-v5-couleur-1.png","width":2778,"height":1208,"caption":"Powder ON"},"image":{"@id":"https:\/\/www.powderon.fr\/#\/schema\/logo\/image\/"}}]}},"_links":{"self":[{"href":"https:\/\/www.powderon.fr\/index.php\/wp-json\/wp\/v2\/pages\/255","targetHints":{"allow":["GET"]}}],"collection":[{"href":"https:\/\/www.powderon.fr\/index.php\/wp-json\/wp\/v2\/pages"}],"about":[{"href":"https:\/\/www.powderon.fr\/index.php\/wp-json\/wp\/v2\/types\/page"}],"author":[{"embeddable":true,"href":"https:\/\/www.powderon.fr\/index.php\/wp-json\/wp\/v2\/users\/1"}],"replies":[{"embeddable":true,"href":"https:\/\/www.powderon.fr\/index.php\/wp-json\/wp\/v2\/comments?post=255"}],"version-history":[{"count":7,"href":"https:\/\/www.powderon.fr\/index.php\/wp-json\/wp\/v2\/pages\/255\/revisions"}],"predecessor-version":[{"id":270,"href":"https:\/\/www.powderon.fr\/index.php\/wp-json\/wp\/v2\/pages\/255\/revisions\/270"}],"wp:attachment":[{"href":"https:\/\/www.powderon.fr\/index.php\/wp-json\/wp\/v2\/media?parent=255"}],"curies":[{"name":"wp","href":"https:\/\/api.w.org\/{rel}","templated":true}]}}