{"id":272,"date":"2020-12-10T14:29:59","date_gmt":"2020-12-10T13:29:59","guid":{"rendered":"https:\/\/www.powderon.fr\/?page_id=272"},"modified":"2020-12-14T13:30:25","modified_gmt":"2020-12-14T12:30:25","slug":"loffre-powder-on","status":"publish","type":"page","link":"https:\/\/www.powderon.fr\/index.php\/loffre-powder-on\/","title":{"rendered":"L&rsquo;offre Powder ON"},"content":{"rendered":"\t\t<div data-elementor-type=\"wp-page\" data-elementor-id=\"272\" class=\"elementor elementor-272\">\n\t\t\t\t\t\t<section class=\"elementor-section elementor-top-section elementor-element elementor-element-14c94dc9 elementor-section-boxed elementor-section-height-default elementor-section-height-default\" data-id=\"14c94dc9\" data-element_type=\"section\" data-e-type=\"section\">\n\t\t\t\t\t\t<div class=\"elementor-container elementor-column-gap-default\">\n\t\t\t\t\t<div class=\"elementor-column elementor-col-100 elementor-top-column elementor-element elementor-element-9e833ea\" data-id=\"9e833ea\" data-element_type=\"column\" data-e-type=\"column\">\n\t\t\t<div class=\"elementor-widget-wrap elementor-element-populated\">\n\t\t\t\t\t\t<div class=\"elementor-element elementor-element-bde38ce elementor-widget elementor-widget-heading\" data-id=\"bde38ce\" data-element_type=\"widget\" data-e-type=\"widget\" data-widget_type=\"heading.default\">\n\t\t\t\t<div class=\"elementor-widget-container\">\n\t\t\t\t\t<h2 class=\"elementor-heading-title elementor-size-default\">Une offre d\u00e9di\u00e9e aux industriels de sant\u00e9<\/h2>\t\t\t\t<\/div>\n\t\t\t\t<\/div>\n\t\t\t\t\t<\/div>\n\t\t<\/div>\n\t\t\t\t\t<\/div>\n\t\t<\/section>\n\t\t\t\t<section class=\"elementor-section elementor-top-section elementor-element elementor-element-67a5240 elementor-section-boxed elementor-section-height-default elementor-section-height-default\" data-id=\"67a5240\" data-element_type=\"section\" data-e-type=\"section\">\n\t\t\t\t\t\t<div class=\"elementor-container elementor-column-gap-default\">\n\t\t\t\t\t<div class=\"elementor-column elementor-col-100 elementor-top-column elementor-element elementor-element-5082c11\" data-id=\"5082c11\" data-element_type=\"column\" data-e-type=\"column\">\n\t\t\t<div class=\"elementor-widget-wrap elementor-element-populated\">\n\t\t\t\t\t\t<div class=\"elementor-element elementor-element-613a8aa elementor-widget elementor-widget-text-editor\" data-id=\"613a8aa\" data-element_type=\"widget\" data-e-type=\"widget\" data-widget_type=\"text-editor.default\">\n\t\t\t\t<div class=\"elementor-widget-container\">\n\t\t\t\t\t\t\t\t\t<p>POWDER ON est un centre de formation, de d\u00e9veloppement, d\u2019industrialisation et de recherche anim\u00e9 par une \u00e9quipe sp\u00e9cialis\u00e9e qui anticipe les \u00e9volutions du secteur pharmaceutique : nouveaux besoins de formation, nouvelles technologies, nouvelles organisations.<\/p>\n<p><span style=\"font-size: inherit;\">L\u2019offre de formation POWDER ON est adapt\u00e9e \u00e0 tous les acteurs de l\u2019industrie pharmaceutique : op\u00e9rateurs, techniciens et cadres. Elle permet d\u2019accroitre les savoirs th\u00e9oriques et s\u2019applique \u00e0 la r\u00e9solution des probl\u00e8mes industriels.<\/span><\/p>\n<p><span style=\"font-size: inherit;\">POWDER ON a \u00e9galement pour vocation d\u2019accueillir des \u00e9tudiants en th\u00e8se et en post-doctorat, futurs acteurs du d\u00e9veloppement pharmaceutique.<\/span><\/p>\t\t\t\t\t\t\t\t<\/div>\n\t\t\t\t<\/div>\n\t\t\t\t\t<\/div>\n\t\t<\/div>\n\t\t\t\t\t<\/div>\n\t\t<\/section>\n\t\t\t\t<section class=\"elementor-section elementor-top-section elementor-element elementor-element-26d2522 elementor-section-boxed elementor-section-height-default elementor-section-height-default\" data-id=\"26d2522\" data-element_type=\"section\" data-e-type=\"section\">\n\t\t\t\t\t\t<div class=\"elementor-container elementor-column-gap-default\">\n\t\t\t\t\t<div class=\"elementor-column elementor-col-100 elementor-top-column elementor-element elementor-element-6db4644\" data-id=\"6db4644\" data-element_type=\"column\" data-e-type=\"column\">\n\t\t\t<div class=\"elementor-widget-wrap elementor-element-populated\">\n\t\t\t\t\t\t<div class=\"elementor-element elementor-element-566e5e3 elementor-widget elementor-widget-video\" data-id=\"566e5e3\" data-element_type=\"widget\" data-e-type=\"widget\" data-settings=\"{&quot;video_type&quot;:&quot;hosted&quot;,&quot;controls&quot;:&quot;yes&quot;}\" data-widget_type=\"video.default\">\n\t\t\t\t<div class=\"elementor-widget-container\">\n\t\t\t\t\t\t\t<div class=\"e-hosted-video elementor-wrapper elementor-open-inline\">\n\t\t\t\t\t<video class=\"elementor-video\" src=\"https:\/\/www.powderon.fr\/wp-content\/uploads\/2020\/12\/projet-piece.mp4\" controls=\"\" preload=\"metadata\" controlsList=\"nodownload\"><\/video>\n\t\t\t\t<\/div>\n\t\t\t\t\t\t<\/div>\n\t\t\t\t<\/div>\n\t\t\t\t\t<\/div>\n\t\t<\/div>\n\t\t\t\t\t<\/div>\n\t\t<\/section>\n\t\t\t\t<section class=\"elementor-section elementor-top-section elementor-element elementor-element-4035167 elementor-section-boxed elementor-section-height-default elementor-section-height-default\" data-id=\"4035167\" data-element_type=\"section\" data-e-type=\"section\">\n\t\t\t\t\t\t<div class=\"elementor-container elementor-column-gap-default\">\n\t\t\t\t\t<div class=\"elementor-column elementor-col-100 elementor-top-column elementor-element elementor-element-e584089\" data-id=\"e584089\" data-element_type=\"column\" data-e-type=\"column\">\n\t\t\t<div class=\"elementor-widget-wrap\">\n\t\t\t\t\t\t\t<\/div>\n\t\t<\/div>\n\t\t\t\t\t<\/div>\n\t\t<\/section>\n\t\t\t\t<section class=\"elementor-section elementor-top-section elementor-element elementor-element-51ca8de elementor-section-boxed elementor-section-height-default elementor-section-height-default\" data-id=\"51ca8de\" data-element_type=\"section\" data-e-type=\"section\">\n\t\t\t\t\t\t<div class=\"elementor-container elementor-column-gap-default\">\n\t\t\t\t\t<div class=\"elementor-column elementor-col-100 elementor-top-column elementor-element elementor-element-7295978\" data-id=\"7295978\" data-element_type=\"column\" data-e-type=\"column\">\n\t\t\t<div class=\"elementor-widget-wrap elementor-element-populated\">\n\t\t\t\t\t\t<div class=\"elementor-element elementor-element-ebd8459 elementor-widget elementor-widget-heading\" data-id=\"ebd8459\" data-element_type=\"widget\" data-e-type=\"widget\" data-widget_type=\"heading.default\">\n\t\t\t\t<div class=\"elementor-widget-container\">\n\t\t\t\t\t<h2 class=\"elementor-heading-title elementor-size-default\">Une offre en r\u00e9alit\u00e9 virtuelle<\/h2>\t\t\t\t<\/div>\n\t\t\t\t<\/div>\n\t\t\t\t<div class=\"elementor-element elementor-element-1830e9e elementor-widget elementor-widget-text-editor\" data-id=\"1830e9e\" data-element_type=\"widget\" data-e-type=\"widget\" data-widget_type=\"text-editor.default\">\n\t\t\t\t<div class=\"elementor-widget-container\">\n\t\t\t\t\t\t\t\t\t<p>En partenariat avec le service P\u00e9dagogie num\u00e9rique et ressources de l\u2019universit\u00e9 de<br \/>Bourgogne (PNR), un plateau p\u00e9dagogique de formation par simulation en r\u00e9alit\u00e9 virtuelle<br \/>et r\u00e9alit\u00e9 augment\u00e9e s\u2019ajoute \u00e0 ces moyens techniques. Il comprend des casques ainsi qu\u2019un<br \/>d\u00e9monstrateur en r\u00e9alit\u00e9 virtuelle simulant les conditions d\u2019exercice industriel dans le respect<br \/>des r\u00e8gles d\u2019application BPF (bonnes pratiques de fabrication). Ce dispositif \u00e9voluera pour<br \/>int\u00e9grer les nouveaux scenarii p\u00e9dagogiques en r\u00e9ponse aux besoins des industriels.<\/p>\t\t\t\t\t\t\t\t<\/div>\n\t\t\t\t<\/div>\n\t\t\t\t\t<\/div>\n\t\t<\/div>\n\t\t\t\t\t<\/div>\n\t\t<\/section>\n\t\t\t\t<section class=\"elementor-section elementor-top-section elementor-element elementor-element-c98b7e3 elementor-section-boxed elementor-section-height-default elementor-section-height-default\" data-id=\"c98b7e3\" data-element_type=\"section\" data-e-type=\"section\">\n\t\t\t\t\t\t<div class=\"elementor-container elementor-column-gap-default\">\n\t\t\t\t\t<div class=\"elementor-column elementor-col-100 elementor-top-column elementor-element elementor-element-9adfe98\" data-id=\"9adfe98\" data-element_type=\"column\" data-e-type=\"column\">\n\t\t\t<div class=\"elementor-widget-wrap elementor-element-populated\">\n\t\t\t\t\t\t<div class=\"elementor-element elementor-element-b3b9b9c elementor-widget elementor-widget-video\" data-id=\"b3b9b9c\" data-element_type=\"widget\" data-e-type=\"widget\" data-settings=\"{&quot;video_type&quot;:&quot;hosted&quot;,&quot;controls&quot;:&quot;yes&quot;}\" data-widget_type=\"video.default\">\n\t\t\t\t<div class=\"elementor-widget-container\">\n\t\t\t\t\t\t\t<div class=\"e-hosted-video elementor-wrapper elementor-open-inline\">\n\t\t\t\t\t<video class=\"elementor-video\" src=\"https:\/\/www.powderon.fr\/wp-content\/uploads\/2020\/12\/realite-virtuelle.mp4\" controls=\"\" preload=\"metadata\" controlsList=\"nodownload\"><\/video>\n\t\t\t\t<\/div>\n\t\t\t\t\t\t<\/div>\n\t\t\t\t<\/div>\n\t\t\t\t\t<\/div>\n\t\t<\/div>\n\t\t\t\t\t<\/div>\n\t\t<\/section>\n\t\t\t\t<\/div>\n\t\t","protected":false},"excerpt":{"rendered":"<p>Une offre d\u00e9di\u00e9e aux industriels de sant\u00e9 POWDER ON est un centre de formation, de d\u00e9veloppement, d\u2019industrialisation et de recherche anim\u00e9 par une \u00e9quipe sp\u00e9cialis\u00e9e qui anticipe les \u00e9volutions du secteur pharmaceutique : nouveaux besoins de formation, nouvelles technologies, nouvelles organisations. L\u2019offre de formation POWDER ON est adapt\u00e9e \u00e0 tous [&hellip;]<\/p>\n","protected":false},"author":1,"featured_media":0,"parent":0,"menu_order":0,"comment_status":"closed","ping_status":"closed","template":"","meta":{"_monsterinsights_skip_tracking":false,"_monsterinsights_sitenote_active":false,"_monsterinsights_sitenote_note":"","_monsterinsights_sitenote_category":0,"footnotes":""},"class_list":["post-272","page","type-page","status-publish","hentry"],"yoast_head":"<!-- This site is optimized with the Yoast SEO plugin v27.5 - https:\/\/yoast.com\/product\/yoast-seo-wordpress\/ -->\n<title>L&#039;offre Powder ON - Powder ON<\/title>\n<meta name=\"robots\" content=\"index, follow, max-snippet:-1, max-image-preview:large, max-video-preview:-1\" \/>\n<link rel=\"canonical\" href=\"https:\/\/www.powderon.fr\/index.php\/loffre-powder-on\/\" \/>\n<meta property=\"og:locale\" content=\"fr_FR\" \/>\n<meta property=\"og:type\" content=\"article\" \/>\n<meta property=\"og:title\" content=\"L&#039;offre Powder ON - Powder ON\" \/>\n<meta property=\"og:description\" content=\"Une offre d\u00e9di\u00e9e aux industriels de sant\u00e9 POWDER ON est un centre de formation, de d\u00e9veloppement, d\u2019industrialisation et de recherche anim\u00e9 par une \u00e9quipe sp\u00e9cialis\u00e9e qui anticipe les \u00e9volutions du secteur pharmaceutique : nouveaux besoins de formation, nouvelles technologies, nouvelles organisations. L\u2019offre de formation POWDER ON est adapt\u00e9e \u00e0 tous [&hellip;]\" \/>\n<meta property=\"og:url\" content=\"https:\/\/www.powderon.fr\/index.php\/loffre-powder-on\/\" \/>\n<meta property=\"og:site_name\" content=\"Powder ON\" \/>\n<meta property=\"article:modified_time\" content=\"2020-12-14T12:30:25+00:00\" \/>\n<meta name=\"twitter:card\" content=\"summary_large_image\" \/>\n<meta name=\"twitter:label1\" content=\"Dur\u00e9e de lecture estim\u00e9e\" \/>\n\t<meta name=\"twitter:data1\" content=\"1 minute\" \/>\n<script type=\"application\/ld+json\" class=\"yoast-schema-graph\">{\"@context\":\"https:\\\/\\\/schema.org\",\"@graph\":[{\"@type\":\"WebPage\",\"@id\":\"https:\\\/\\\/www.powderon.fr\\\/index.php\\\/loffre-powder-on\\\/\",\"url\":\"https:\\\/\\\/www.powderon.fr\\\/index.php\\\/loffre-powder-on\\\/\",\"name\":\"L'offre Powder ON - Powder ON\",\"isPartOf\":{\"@id\":\"https:\\\/\\\/www.powderon.fr\\\/#website\"},\"datePublished\":\"2020-12-10T13:29:59+00:00\",\"dateModified\":\"2020-12-14T12:30:25+00:00\",\"breadcrumb\":{\"@id\":\"https:\\\/\\\/www.powderon.fr\\\/index.php\\\/loffre-powder-on\\\/#breadcrumb\"},\"inLanguage\":\"fr-FR\",\"potentialAction\":[{\"@type\":\"ReadAction\",\"target\":[\"https:\\\/\\\/www.powderon.fr\\\/index.php\\\/loffre-powder-on\\\/\"]}]},{\"@type\":\"BreadcrumbList\",\"@id\":\"https:\\\/\\\/www.powderon.fr\\\/index.php\\\/loffre-powder-on\\\/#breadcrumb\",\"itemListElement\":[{\"@type\":\"ListItem\",\"position\":1,\"name\":\"Accueil\",\"item\":\"https:\\\/\\\/www.powderon.fr\\\/\"},{\"@type\":\"ListItem\",\"position\":2,\"name\":\"L&rsquo;offre Powder ON\"}]},{\"@type\":\"WebSite\",\"@id\":\"https:\\\/\\\/www.powderon.fr\\\/#website\",\"url\":\"https:\\\/\\\/www.powderon.fr\\\/\",\"name\":\"Powder ON\",\"description\":\"L&#039;expertise en poudre pharmaceutique\",\"publisher\":{\"@id\":\"https:\\\/\\\/www.powderon.fr\\\/#organization\"},\"potentialAction\":[{\"@type\":\"SearchAction\",\"target\":{\"@type\":\"EntryPoint\",\"urlTemplate\":\"https:\\\/\\\/www.powderon.fr\\\/?s={search_term_string}\"},\"query-input\":{\"@type\":\"PropertyValueSpecification\",\"valueRequired\":true,\"valueName\":\"search_term_string\"}}],\"inLanguage\":\"fr-FR\"},{\"@type\":\"Organization\",\"@id\":\"https:\\\/\\\/www.powderon.fr\\\/#organization\",\"name\":\"Powder ON\",\"url\":\"https:\\\/\\\/www.powderon.fr\\\/\",\"logo\":{\"@type\":\"ImageObject\",\"inLanguage\":\"fr-FR\",\"@id\":\"https:\\\/\\\/www.powderon.fr\\\/#\\\/schema\\\/logo\\\/image\\\/\",\"url\":\"https:\\\/\\\/www.powderon.fr\\\/wp-content\\\/uploads\\\/2020\\\/09\\\/cropped-logo-v5-couleur-1.png\",\"contentUrl\":\"https:\\\/\\\/www.powderon.fr\\\/wp-content\\\/uploads\\\/2020\\\/09\\\/cropped-logo-v5-couleur-1.png\",\"width\":2778,\"height\":1208,\"caption\":\"Powder ON\"},\"image\":{\"@id\":\"https:\\\/\\\/www.powderon.fr\\\/#\\\/schema\\\/logo\\\/image\\\/\"}}]}<\/script>\n<!-- \/ Yoast SEO plugin. -->","yoast_head_json":{"title":"L'offre Powder ON - Powder ON","robots":{"index":"index","follow":"follow","max-snippet":"max-snippet:-1","max-image-preview":"max-image-preview:large","max-video-preview":"max-video-preview:-1"},"canonical":"https:\/\/www.powderon.fr\/index.php\/loffre-powder-on\/","og_locale":"fr_FR","og_type":"article","og_title":"L'offre Powder ON - Powder ON","og_description":"Une offre d\u00e9di\u00e9e aux industriels de sant\u00e9 POWDER ON est un centre de formation, de d\u00e9veloppement, d\u2019industrialisation et de recherche anim\u00e9 par une \u00e9quipe sp\u00e9cialis\u00e9e qui anticipe les \u00e9volutions du secteur pharmaceutique : nouveaux besoins de formation, nouvelles technologies, nouvelles organisations. L\u2019offre de formation POWDER ON est adapt\u00e9e \u00e0 tous [&hellip;]","og_url":"https:\/\/www.powderon.fr\/index.php\/loffre-powder-on\/","og_site_name":"Powder ON","article_modified_time":"2020-12-14T12:30:25+00:00","twitter_card":"summary_large_image","twitter_misc":{"Dur\u00e9e de lecture estim\u00e9e":"1 minute"},"schema":{"@context":"https:\/\/schema.org","@graph":[{"@type":"WebPage","@id":"https:\/\/www.powderon.fr\/index.php\/loffre-powder-on\/","url":"https:\/\/www.powderon.fr\/index.php\/loffre-powder-on\/","name":"L'offre Powder ON - Powder ON","isPartOf":{"@id":"https:\/\/www.powderon.fr\/#website"},"datePublished":"2020-12-10T13:29:59+00:00","dateModified":"2020-12-14T12:30:25+00:00","breadcrumb":{"@id":"https:\/\/www.powderon.fr\/index.php\/loffre-powder-on\/#breadcrumb"},"inLanguage":"fr-FR","potentialAction":[{"@type":"ReadAction","target":["https:\/\/www.powderon.fr\/index.php\/loffre-powder-on\/"]}]},{"@type":"BreadcrumbList","@id":"https:\/\/www.powderon.fr\/index.php\/loffre-powder-on\/#breadcrumb","itemListElement":[{"@type":"ListItem","position":1,"name":"Accueil","item":"https:\/\/www.powderon.fr\/"},{"@type":"ListItem","position":2,"name":"L&rsquo;offre Powder ON"}]},{"@type":"WebSite","@id":"https:\/\/www.powderon.fr\/#website","url":"https:\/\/www.powderon.fr\/","name":"Powder ON","description":"L&#039;expertise en poudre pharmaceutique","publisher":{"@id":"https:\/\/www.powderon.fr\/#organization"},"potentialAction":[{"@type":"SearchAction","target":{"@type":"EntryPoint","urlTemplate":"https:\/\/www.powderon.fr\/?s={search_term_string}"},"query-input":{"@type":"PropertyValueSpecification","valueRequired":true,"valueName":"search_term_string"}}],"inLanguage":"fr-FR"},{"@type":"Organization","@id":"https:\/\/www.powderon.fr\/#organization","name":"Powder ON","url":"https:\/\/www.powderon.fr\/","logo":{"@type":"ImageObject","inLanguage":"fr-FR","@id":"https:\/\/www.powderon.fr\/#\/schema\/logo\/image\/","url":"https:\/\/www.powderon.fr\/wp-content\/uploads\/2020\/09\/cropped-logo-v5-couleur-1.png","contentUrl":"https:\/\/www.powderon.fr\/wp-content\/uploads\/2020\/09\/cropped-logo-v5-couleur-1.png","width":2778,"height":1208,"caption":"Powder ON"},"image":{"@id":"https:\/\/www.powderon.fr\/#\/schema\/logo\/image\/"}}]}},"_links":{"self":[{"href":"https:\/\/www.powderon.fr\/index.php\/wp-json\/wp\/v2\/pages\/272","targetHints":{"allow":["GET"]}}],"collection":[{"href":"https:\/\/www.powderon.fr\/index.php\/wp-json\/wp\/v2\/pages"}],"about":[{"href":"https:\/\/www.powderon.fr\/index.php\/wp-json\/wp\/v2\/types\/page"}],"author":[{"embeddable":true,"href":"https:\/\/www.powderon.fr\/index.php\/wp-json\/wp\/v2\/users\/1"}],"replies":[{"embeddable":true,"href":"https:\/\/www.powderon.fr\/index.php\/wp-json\/wp\/v2\/comments?post=272"}],"version-history":[{"count":10,"href":"https:\/\/www.powderon.fr\/index.php\/wp-json\/wp\/v2\/pages\/272\/revisions"}],"predecessor-version":[{"id":284,"href":"https:\/\/www.powderon.fr\/index.php\/wp-json\/wp\/v2\/pages\/272\/revisions\/284"}],"wp:attachment":[{"href":"https:\/\/www.powderon.fr\/index.php\/wp-json\/wp\/v2\/media?parent=272"}],"curies":[{"name":"wp","href":"https:\/\/api.w.org\/{rel}","templated":true}]}}