{"id":28,"date":"2020-09-21T18:08:16","date_gmt":"2020-09-21T16:08:16","guid":{"rendered":"http:\/\/powderon.fr\/?page_id=28"},"modified":"2020-09-21T18:29:05","modified_gmt":"2020-09-21T16:29:05","slug":"accueil","status":"publish","type":"page","link":"https:\/\/www.powderon.fr\/","title":{"rendered":"Accueil"},"content":{"rendered":"<div class=\"col-md-5\">\n<h3>\u00c0 propos de Powder ON<\/h3>\n<p>Le p\u00f4le Powder On est un centre de d\u00e9veloppement et de formation d\u00e9di\u00e9 \u00e0 la technologie des poudres pharmaceutiques, initi\u00e9 par l\u2019UMDPC Sant\u00e9, structure de formation continue de l\u2019Universit\u00e9 de Bourgogne, le Groupe IMT, acteur reconnu dans le monde de la formation professionnelle des industries de sant\u00e9 et le Pole BFCare, groupement des industries de sant\u00e9 de la r\u00e9gion Bourgogne-Franche-Comt\u00e9. Powder ON est la premi\u00e8re pierre du Technop\u00f4le Sant\u00e9 de Dijon M\u00e9tropole.<\/p>\n<p><\/p>\n<\/div>\n\n\n<div class=\"wp-block-group\"><div class=\"wp-block-group__inner-container is-layout-flow wp-block-group-is-layout-flow\">\n<figure class=\"wp-block-image size-large is-resized\"><img fetchpriority=\"high\" decoding=\"async\" src=\"http:\/\/powderon.fr\/wp-content\/uploads\/2020\/09\/logo-v5-couleur-1024x503.png\" alt=\"\" class=\"wp-image-22\" width=\"768\" height=\"377\" srcset=\"https:\/\/www.powderon.fr\/wp-content\/uploads\/2020\/09\/logo-v5-couleur-1024x503.png 1024w, https:\/\/www.powderon.fr\/wp-content\/uploads\/2020\/09\/logo-v5-couleur-300x147.png 300w, https:\/\/www.powderon.fr\/wp-content\/uploads\/2020\/09\/logo-v5-couleur-768x377.png 768w, https:\/\/www.powderon.fr\/wp-content\/uploads\/2020\/09\/logo-v5-couleur-1536x755.png 1536w, https:\/\/www.powderon.fr\/wp-content\/uploads\/2020\/09\/logo-v5-couleur-2048x1006.png 2048w\" sizes=\"(max-width: 768px) 100vw, 768px\" \/><\/figure>\n\n\n\n<p><\/p>\n<\/div><\/div>\n","protected":false},"excerpt":{"rendered":"<p>\u00c0 propos de Powder ON Le p\u00f4le Powder On est un centre de d\u00e9veloppement et de formation d\u00e9di\u00e9 \u00e0 la technologie des poudres pharmaceutiques, initi\u00e9 par l\u2019UMDPC Sant\u00e9, structure de formation continue de l\u2019Universit\u00e9 de Bourgogne, le Groupe IMT, acteur reconnu dans le monde de la formation professionnelle des industries [&hellip;]<\/p>\n","protected":false},"author":1,"featured_media":0,"parent":0,"menu_order":0,"comment_status":"closed","ping_status":"closed","template":"","meta":{"_monsterinsights_skip_tracking":false,"_monsterinsights_sitenote_active":false,"_monsterinsights_sitenote_note":"","_monsterinsights_sitenote_category":0,"footnotes":""},"class_list":["post-28","page","type-page","status-publish","hentry"],"yoast_head":"<!-- This site is optimized with the Yoast SEO plugin v27.5 - https:\/\/yoast.com\/product\/yoast-seo-wordpress\/ -->\n<title>Accueil - Powder ON<\/title>\n<meta name=\"robots\" content=\"index, follow, max-snippet:-1, max-image-preview:large, max-video-preview:-1\" \/>\n<link rel=\"canonical\" href=\"https:\/\/www.powderon.fr\/\" \/>\n<meta property=\"og:locale\" content=\"fr_FR\" \/>\n<meta property=\"og:type\" content=\"article\" \/>\n<meta property=\"og:title\" content=\"Accueil - Powder ON\" \/>\n<meta property=\"og:description\" content=\"\u00c0 propos de Powder ON Le p\u00f4le Powder On est un centre de d\u00e9veloppement et de formation d\u00e9di\u00e9 \u00e0 la technologie des poudres pharmaceutiques, initi\u00e9 par l\u2019UMDPC Sant\u00e9, structure de formation continue de l\u2019Universit\u00e9 de Bourgogne, le Groupe IMT, acteur reconnu dans le monde de la formation professionnelle des industries [&hellip;]\" \/>\n<meta property=\"og:url\" content=\"https:\/\/www.powderon.fr\/\" \/>\n<meta property=\"og:site_name\" content=\"Powder ON\" \/>\n<meta property=\"article:modified_time\" content=\"2020-09-21T16:29:05+00:00\" \/>\n<meta property=\"og:image\" content=\"http:\/\/powderon.fr\/wp-content\/uploads\/2020\/09\/logo-v5-couleur-1024x503.png\" \/>\n<meta name=\"twitter:card\" content=\"summary_large_image\" \/>\n<script type=\"application\/ld+json\" class=\"yoast-schema-graph\">{\"@context\":\"https:\\\/\\\/schema.org\",\"@graph\":[{\"@type\":\"WebPage\",\"@id\":\"https:\\\/\\\/www.powderon.fr\\\/\",\"url\":\"https:\\\/\\\/www.powderon.fr\\\/\",\"name\":\"Accueil - Powder ON\",\"isPartOf\":{\"@id\":\"https:\\\/\\\/www.powderon.fr\\\/#website\"},\"primaryImageOfPage\":{\"@id\":\"https:\\\/\\\/www.powderon.fr\\\/#primaryimage\"},\"image\":{\"@id\":\"https:\\\/\\\/www.powderon.fr\\\/#primaryimage\"},\"thumbnailUrl\":\"http:\\\/\\\/powderon.fr\\\/wp-content\\\/uploads\\\/2020\\\/09\\\/logo-v5-couleur-1024x503.png\",\"datePublished\":\"2020-09-21T16:08:16+00:00\",\"dateModified\":\"2020-09-21T16:29:05+00:00\",\"breadcrumb\":{\"@id\":\"https:\\\/\\\/www.powderon.fr\\\/#breadcrumb\"},\"inLanguage\":\"fr-FR\",\"potentialAction\":[{\"@type\":\"ReadAction\",\"target\":[\"https:\\\/\\\/www.powderon.fr\\\/\"]}]},{\"@type\":\"ImageObject\",\"inLanguage\":\"fr-FR\",\"@id\":\"https:\\\/\\\/www.powderon.fr\\\/#primaryimage\",\"url\":\"http:\\\/\\\/powderon.fr\\\/wp-content\\\/uploads\\\/2020\\\/09\\\/logo-v5-couleur-1024x503.png\",\"contentUrl\":\"http:\\\/\\\/powderon.fr\\\/wp-content\\\/uploads\\\/2020\\\/09\\\/logo-v5-couleur-1024x503.png\"},{\"@type\":\"BreadcrumbList\",\"@id\":\"https:\\\/\\\/www.powderon.fr\\\/#breadcrumb\",\"itemListElement\":[{\"@type\":\"ListItem\",\"position\":1,\"name\":\"Accueil\",\"item\":\"https:\\\/\\\/www.powderon.fr\\\/\"},{\"@type\":\"ListItem\",\"position\":2,\"name\":\"Accueil\"}]},{\"@type\":\"WebSite\",\"@id\":\"https:\\\/\\\/www.powderon.fr\\\/#website\",\"url\":\"https:\\\/\\\/www.powderon.fr\\\/\",\"name\":\"Powder ON\",\"description\":\"L&#039;expertise en poudre pharmaceutique\",\"publisher\":{\"@id\":\"https:\\\/\\\/www.powderon.fr\\\/#organization\"},\"potentialAction\":[{\"@type\":\"SearchAction\",\"target\":{\"@type\":\"EntryPoint\",\"urlTemplate\":\"https:\\\/\\\/www.powderon.fr\\\/?s={search_term_string}\"},\"query-input\":{\"@type\":\"PropertyValueSpecification\",\"valueRequired\":true,\"valueName\":\"search_term_string\"}}],\"inLanguage\":\"fr-FR\"},{\"@type\":\"Organization\",\"@id\":\"https:\\\/\\\/www.powderon.fr\\\/#organization\",\"name\":\"Powder ON\",\"url\":\"https:\\\/\\\/www.powderon.fr\\\/\",\"logo\":{\"@type\":\"ImageObject\",\"inLanguage\":\"fr-FR\",\"@id\":\"https:\\\/\\\/www.powderon.fr\\\/#\\\/schema\\\/logo\\\/image\\\/\",\"url\":\"https:\\\/\\\/www.powderon.fr\\\/wp-content\\\/uploads\\\/2020\\\/09\\\/cropped-logo-v5-couleur-1.png\",\"contentUrl\":\"https:\\\/\\\/www.powderon.fr\\\/wp-content\\\/uploads\\\/2020\\\/09\\\/cropped-logo-v5-couleur-1.png\",\"width\":2778,\"height\":1208,\"caption\":\"Powder ON\"},\"image\":{\"@id\":\"https:\\\/\\\/www.powderon.fr\\\/#\\\/schema\\\/logo\\\/image\\\/\"}}]}<\/script>\n<!-- \/ Yoast SEO plugin. -->","yoast_head_json":{"title":"Accueil - Powder ON","robots":{"index":"index","follow":"follow","max-snippet":"max-snippet:-1","max-image-preview":"max-image-preview:large","max-video-preview":"max-video-preview:-1"},"canonical":"https:\/\/www.powderon.fr\/","og_locale":"fr_FR","og_type":"article","og_title":"Accueil - Powder ON","og_description":"\u00c0 propos de Powder ON Le p\u00f4le Powder On est un centre de d\u00e9veloppement et de formation d\u00e9di\u00e9 \u00e0 la technologie des poudres pharmaceutiques, initi\u00e9 par l\u2019UMDPC Sant\u00e9, structure de formation continue de l\u2019Universit\u00e9 de Bourgogne, le Groupe IMT, acteur reconnu dans le monde de la formation professionnelle des industries [&hellip;]","og_url":"https:\/\/www.powderon.fr\/","og_site_name":"Powder ON","article_modified_time":"2020-09-21T16:29:05+00:00","og_image":[{"url":"http:\/\/powderon.fr\/wp-content\/uploads\/2020\/09\/logo-v5-couleur-1024x503.png","type":"","width":"","height":""}],"twitter_card":"summary_large_image","schema":{"@context":"https:\/\/schema.org","@graph":[{"@type":"WebPage","@id":"https:\/\/www.powderon.fr\/","url":"https:\/\/www.powderon.fr\/","name":"Accueil - Powder ON","isPartOf":{"@id":"https:\/\/www.powderon.fr\/#website"},"primaryImageOfPage":{"@id":"https:\/\/www.powderon.fr\/#primaryimage"},"image":{"@id":"https:\/\/www.powderon.fr\/#primaryimage"},"thumbnailUrl":"http:\/\/powderon.fr\/wp-content\/uploads\/2020\/09\/logo-v5-couleur-1024x503.png","datePublished":"2020-09-21T16:08:16+00:00","dateModified":"2020-09-21T16:29:05+00:00","breadcrumb":{"@id":"https:\/\/www.powderon.fr\/#breadcrumb"},"inLanguage":"fr-FR","potentialAction":[{"@type":"ReadAction","target":["https:\/\/www.powderon.fr\/"]}]},{"@type":"ImageObject","inLanguage":"fr-FR","@id":"https:\/\/www.powderon.fr\/#primaryimage","url":"http:\/\/powderon.fr\/wp-content\/uploads\/2020\/09\/logo-v5-couleur-1024x503.png","contentUrl":"http:\/\/powderon.fr\/wp-content\/uploads\/2020\/09\/logo-v5-couleur-1024x503.png"},{"@type":"BreadcrumbList","@id":"https:\/\/www.powderon.fr\/#breadcrumb","itemListElement":[{"@type":"ListItem","position":1,"name":"Accueil","item":"https:\/\/www.powderon.fr\/"},{"@type":"ListItem","position":2,"name":"Accueil"}]},{"@type":"WebSite","@id":"https:\/\/www.powderon.fr\/#website","url":"https:\/\/www.powderon.fr\/","name":"Powder ON","description":"L&#039;expertise en poudre pharmaceutique","publisher":{"@id":"https:\/\/www.powderon.fr\/#organization"},"potentialAction":[{"@type":"SearchAction","target":{"@type":"EntryPoint","urlTemplate":"https:\/\/www.powderon.fr\/?s={search_term_string}"},"query-input":{"@type":"PropertyValueSpecification","valueRequired":true,"valueName":"search_term_string"}}],"inLanguage":"fr-FR"},{"@type":"Organization","@id":"https:\/\/www.powderon.fr\/#organization","name":"Powder ON","url":"https:\/\/www.powderon.fr\/","logo":{"@type":"ImageObject","inLanguage":"fr-FR","@id":"https:\/\/www.powderon.fr\/#\/schema\/logo\/image\/","url":"https:\/\/www.powderon.fr\/wp-content\/uploads\/2020\/09\/cropped-logo-v5-couleur-1.png","contentUrl":"https:\/\/www.powderon.fr\/wp-content\/uploads\/2020\/09\/cropped-logo-v5-couleur-1.png","width":2778,"height":1208,"caption":"Powder ON"},"image":{"@id":"https:\/\/www.powderon.fr\/#\/schema\/logo\/image\/"}}]}},"_links":{"self":[{"href":"https:\/\/www.powderon.fr\/index.php\/wp-json\/wp\/v2\/pages\/28","targetHints":{"allow":["GET"]}}],"collection":[{"href":"https:\/\/www.powderon.fr\/index.php\/wp-json\/wp\/v2\/pages"}],"about":[{"href":"https:\/\/www.powderon.fr\/index.php\/wp-json\/wp\/v2\/types\/page"}],"author":[{"embeddable":true,"href":"https:\/\/www.powderon.fr\/index.php\/wp-json\/wp\/v2\/users\/1"}],"replies":[{"embeddable":true,"href":"https:\/\/www.powderon.fr\/index.php\/wp-json\/wp\/v2\/comments?post=28"}],"version-history":[{"count":0,"href":"https:\/\/www.powderon.fr\/index.php\/wp-json\/wp\/v2\/pages\/28\/revisions"}],"wp:attachment":[{"href":"https:\/\/www.powderon.fr\/index.php\/wp-json\/wp\/v2\/media?parent=28"}],"curies":[{"name":"wp","href":"https:\/\/api.w.org\/{rel}","templated":true}]}}