{"id":74,"date":"2020-09-22T18:31:20","date_gmt":"2020-09-22T16:31:20","guid":{"rendered":"https:\/\/powderon.fr\/?page_id=74"},"modified":"2020-11-20T12:00:01","modified_gmt":"2020-11-20T11:00:01","slug":"notre-simulateur-de-compression","status":"publish","type":"page","link":"https:\/\/www.powderon.fr\/index.php\/notre-simulateur-de-compression\/","title":{"rendered":"Notre simulateur de compression"},"content":{"rendered":"\n<section class=\"wp-block-themeisle-blocks-advanced-columns alignfull has-2-columns has-desktop-equal-layout has-tablet-equal-layout has-mobile-collapsedRows-layout has-nogap-gap has-vertical-center\" id=\"wp-block-themeisle-blocks-advanced-columns-677ac236\"><div class=\"wp-block-themeisle-blocks-advanced-columns-overlay\"><\/div><div class=\"innerblocks-wrap\">\n<div class=\"wp-block-themeisle-blocks-advanced-column\" id=\"wp-block-themeisle-blocks-advanced-column-92199529\">\n<div id=\"wp-block-themeisle-blocks-slider-8e5e680c\" class=\"wp-block-themeisle-blocks-slider glide\" data-per-view=\"1\" data-gap=\"0\" data-peek=\"0\" data-autoplay=\"true\" data-height=\"400px\" data-hide-arrows=\"false\"><div class=\"glide__track\" data-glide-el=\"track\"><div class=\"glide__slides\"><div class=\"wp-block-themeisle-blocks-slider-item-wrapper glide__slide\" tabindex=\"0\"><figure><img decoding=\"async\" class=\"wp-block-themeisle-blocks-slider-item\" src=\"https:\/\/powderon.fr\/wp-content\/uploads\/2020\/09\/IMG_5399-scaled.jpg\" alt=\"\" title=\"\" data-id=\"80\"\/><figcaption>Simulateur de compression<\/figcaption><\/figure><\/div><div class=\"wp-block-themeisle-blocks-slider-item-wrapper glide__slide\" tabindex=\"0\"><figure><img decoding=\"async\" class=\"wp-block-themeisle-blocks-slider-item\" src=\"https:\/\/powderon.fr\/wp-content\/uploads\/2020\/09\/IMG_5417-scaled.jpg\" alt=\"\" title=\"\" data-id=\"85\"\/><figcaption>D\u00e9tection des non conformit\u00e9s<\/figcaption><\/figure><\/div><div class=\"wp-block-themeisle-blocks-slider-item-wrapper glide__slide\" tabindex=\"0\"><figure><img decoding=\"async\" class=\"wp-block-themeisle-blocks-slider-item\" src=\"https:\/\/powderon.fr\/wp-content\/uploads\/2020\/09\/IMG_5405.jpg\" alt=\"\" title=\"\" data-id=\"82\"\/><figcaption>Multicouche jusqu&rsquo;\u00e0 5 couches<\/figcaption><\/figure><\/div><div class=\"wp-block-themeisle-blocks-slider-item-wrapper glide__slide\" tabindex=\"0\"><figure><img decoding=\"async\" class=\"wp-block-themeisle-blocks-slider-item\" src=\"https:\/\/powderon.fr\/wp-content\/uploads\/2020\/09\/IMG_5402-scaled.jpg\" alt=\"\" title=\"\" data-id=\"81\"\/><figcaption>production en petit lots<\/figcaption><\/figure><\/div><div class=\"wp-block-themeisle-blocks-slider-item-wrapper glide__slide\" tabindex=\"0\"><figure><img decoding=\"async\" class=\"wp-block-themeisle-blocks-slider-item\" src=\"https:\/\/powderon.fr\/wp-content\/uploads\/2020\/09\/IMG_5406-scaled.jpg\" alt=\"\" title=\"\" data-id=\"83\"\/><figcaption>Plusieurs sabots<\/figcaption><\/figure><\/div><div class=\"wp-block-themeisle-blocks-slider-item-wrapper glide__slide\" tabindex=\"0\"><figure><img decoding=\"async\" class=\"wp-block-themeisle-blocks-slider-item\" src=\"https:\/\/powderon.fr\/wp-content\/uploads\/2020\/09\/IMG_5416-scaled.jpg\" alt=\"\" title=\"\" data-id=\"84\"\/><figcaption>Espace s\u00e9curis\u00e9<\/figcaption><\/figure><\/div><\/div><div class=\"glide__bullets\" data-glide-el=\"controls[nav]\"><button class=\"glide__bullet\" data-glide-dir=\"=0\"><\/button><button class=\"glide__bullet\" data-glide-dir=\"=1\"><\/button><button class=\"glide__bullet\" data-glide-dir=\"=2\"><\/button><button class=\"glide__bullet\" data-glide-dir=\"=3\"><\/button><button class=\"glide__bullet\" data-glide-dir=\"=4\"><\/button><button class=\"glide__bullet\" data-glide-dir=\"=5\"><\/button><\/div><\/div><\/div>\n<\/div>\n\n\n\n<div class=\"wp-block-themeisle-blocks-advanced-column\" id=\"wp-block-themeisle-blocks-advanced-column-871c3630\">\n<h2 class=\"has-text-align-left wp-block-heading\">Notre simulateur de compression Styl&rsquo;One Evolution<\/h2>\n\n\n\n<p class=\"has-drop-cap has-text-align-left\">Cette machine de compression d\u00e9di\u00e9e, \u00e0 la Recherche &amp; au D\u00e9veloppement, permet de simuler le fonctionnement de la quasi totalit\u00e9 des presses \u00e0 comprim\u00e9s du march\u00e9. Nous pouvons ainsi assurer directement un scale-up d&rsquo;une formulation sur laquelle nous avons travaill\u00e9. Cette machine est capable de produire des comprim\u00e9s multicouches jusqu&rsquo;\u00e0 5 couches comme des comprim\u00e9s \u00e0 double noyaux. Nous pouvons ainsi d\u00e9velopper des comprim\u00e9s innovants et hautement technologiques. <br>Ce robot est capable de fabriquer des lots cliniques comme des prototypes v\u00e9ritables des lots de production finaux.<\/p>\n<\/div>\n<\/div><\/section>\n\n\n\n<hr class=\"wp-block-separator\"\/>\n\n\n\n<h2 class=\"has-text-align-center wp-block-heading\">Le simulateur en fonctionnement<\/h2>\n\n\n\n<div class=\"wp-block-themeisle-blocks-advanced-columns alignfull has-2-columns has-desktop-equal-layout has-tablet-equal-layout has-mobile-collapsedRows-layout has-default-gap has-vertical-unset\" id=\"wp-block-themeisle-blocks-advanced-columns-eb230bc3\"><div class=\"wp-block-themeisle-blocks-advanced-columns-overlay\"><\/div><div class=\"innerblocks-wrap\">\n<div class=\"wp-block-themeisle-blocks-advanced-column\" id=\"wp-block-themeisle-blocks-advanced-column-bb764975\"><p><iframe src=\"https:\/\/umdpcs.ispringcloud.eu\/acc\/cDva-6M2NjUx\/view\/6651-GJnGU-hUqiw-5wxBc\/embedded?from=embed\" frameborder=\"0\" border=\"0\" scrolling=\"auto\" allowtransparency=\"true\" allowfullscreen=\"1\" style=\"border: none; background-color: transparent; width: 1280px; height: 500px;\"><\/iframe><\/p>\n\n\n\n<p class=\"has-small-font-size\">Vue avant de la presse, r\u00e9alisation d&rsquo;un comprim\u00e9 bicouche.<\/p>\n<\/div>\n\n\n\n<div class=\"wp-block-themeisle-blocks-advanced-column\" id=\"wp-block-themeisle-blocks-advanced-column-b5055e63\"><p><iframe src=\"https:\/\/umdpcs.ispringcloud.eu\/acc\/cDva-6M2NjUx\/view\/6651-Kn1mP-HJCe7-b7mVP\/embedded?from=embed&amp;fit=1\" frameborder=\"0\" border=\"0\" scrolling=\"auto\" allowtransparency=\"true\" allowfullscreen=\"1\" style=\"border: none; background-color: transparent; width: 1280px; height: 500px;\"><\/iframe><\/p>\n\n\n\n<p class=\"has-small-font-size\">Vue arri\u00e8re de la presse, r\u00e9alisation d&rsquo;un comprim\u00e9 bicouche.<\/p>\n<\/div>\n<\/div><\/div>\n\n\n\n<p><\/p>\n","protected":false},"excerpt":{"rendered":"<p>Le simulateur en fonctionnement<\/p>\n","protected":false},"author":1,"featured_media":0,"parent":0,"menu_order":0,"comment_status":"closed","ping_status":"closed","template":"","meta":{"_monsterinsights_skip_tracking":false,"_monsterinsights_sitenote_active":false,"_monsterinsights_sitenote_note":"","_monsterinsights_sitenote_category":0,"footnotes":""},"class_list":["post-74","page","type-page","status-publish","hentry"],"yoast_head":"<!-- This site is optimized with the Yoast SEO plugin v27.5 - https:\/\/yoast.com\/product\/yoast-seo-wordpress\/ -->\n<title>Notre simulateur de compression - Powder ON<\/title>\n<meta name=\"description\" content=\"Notre simulateur de compression Notre Styl&#039;One evolution est un simulateur de compression. Cette machine d\u00e9di\u00e9 \u00e0 la R&amp;D, permet aussi de faire des scale-up\/\" \/>\n<meta name=\"robots\" content=\"index, follow, max-snippet:-1, max-image-preview:large, max-video-preview:-1\" \/>\n<link rel=\"canonical\" href=\"https:\/\/www.powderon.fr\/index.php\/notre-simulateur-de-compression\/\" \/>\n<meta property=\"og:locale\" content=\"fr_FR\" \/>\n<meta property=\"og:type\" content=\"article\" \/>\n<meta property=\"og:title\" content=\"Powder ON : Les mat\u00e9riels de production et d&#039;analyse\" \/>\n<meta property=\"og:description\" content=\"Notre simulateur de compression Notre Styl&#039;One evolution est un simulateur de compression. Cette machine d\u00e9di\u00e9 \u00e0 la R&amp;D, permet aussi de faire des scale-up\/\" \/>\n<meta property=\"og:url\" content=\"https:\/\/www.powderon.fr\/index.php\/notre-simulateur-de-compression\/\" \/>\n<meta property=\"og:site_name\" content=\"Powder ON\" \/>\n<meta property=\"article:modified_time\" content=\"2020-11-20T11:00:01+00:00\" \/>\n<meta property=\"og:image\" content=\"https:\/\/powderon.fr\/wp-content\/uploads\/2020\/09\/IMG_5399-scaled.jpg\" \/>\n<meta name=\"twitter:card\" content=\"summary_large_image\" \/>\n<meta name=\"twitter:label1\" content=\"Dur\u00e9e de lecture estim\u00e9e\" \/>\n\t<meta name=\"twitter:data1\" content=\"1 minute\" \/>\n<script type=\"application\/ld+json\" class=\"yoast-schema-graph\">{\"@context\":\"https:\\\/\\\/schema.org\",\"@graph\":[{\"@type\":\"WebPage\",\"@id\":\"https:\\\/\\\/www.powderon.fr\\\/index.php\\\/notre-simulateur-de-compression\\\/\",\"url\":\"https:\\\/\\\/www.powderon.fr\\\/index.php\\\/notre-simulateur-de-compression\\\/\",\"name\":\"Notre simulateur de compression - Powder ON\",\"isPartOf\":{\"@id\":\"https:\\\/\\\/www.powderon.fr\\\/#website\"},\"primaryImageOfPage\":{\"@id\":\"https:\\\/\\\/www.powderon.fr\\\/index.php\\\/notre-simulateur-de-compression\\\/#primaryimage\"},\"image\":{\"@id\":\"https:\\\/\\\/www.powderon.fr\\\/index.php\\\/notre-simulateur-de-compression\\\/#primaryimage\"},\"thumbnailUrl\":\"https:\\\/\\\/powderon.fr\\\/wp-content\\\/uploads\\\/2020\\\/09\\\/IMG_5399-scaled.jpg\",\"datePublished\":\"2020-09-22T16:31:20+00:00\",\"dateModified\":\"2020-11-20T11:00:01+00:00\",\"description\":\"Notre simulateur de compression Notre Styl'One evolution est un simulateur de compression. Cette machine d\u00e9di\u00e9 \u00e0 la R&D, permet aussi de faire des scale-up\\\/\",\"breadcrumb\":{\"@id\":\"https:\\\/\\\/www.powderon.fr\\\/index.php\\\/notre-simulateur-de-compression\\\/#breadcrumb\"},\"inLanguage\":\"fr-FR\",\"potentialAction\":[{\"@type\":\"ReadAction\",\"target\":[\"https:\\\/\\\/www.powderon.fr\\\/index.php\\\/notre-simulateur-de-compression\\\/\"]}]},{\"@type\":\"ImageObject\",\"inLanguage\":\"fr-FR\",\"@id\":\"https:\\\/\\\/www.powderon.fr\\\/index.php\\\/notre-simulateur-de-compression\\\/#primaryimage\",\"url\":\"https:\\\/\\\/powderon.fr\\\/wp-content\\\/uploads\\\/2020\\\/09\\\/IMG_5399-scaled.jpg\",\"contentUrl\":\"https:\\\/\\\/powderon.fr\\\/wp-content\\\/uploads\\\/2020\\\/09\\\/IMG_5399-scaled.jpg\"},{\"@type\":\"BreadcrumbList\",\"@id\":\"https:\\\/\\\/www.powderon.fr\\\/index.php\\\/notre-simulateur-de-compression\\\/#breadcrumb\",\"itemListElement\":[{\"@type\":\"ListItem\",\"position\":1,\"name\":\"Accueil\",\"item\":\"https:\\\/\\\/www.powderon.fr\\\/\"},{\"@type\":\"ListItem\",\"position\":2,\"name\":\"Notre simulateur de compression\"}]},{\"@type\":\"WebSite\",\"@id\":\"https:\\\/\\\/www.powderon.fr\\\/#website\",\"url\":\"https:\\\/\\\/www.powderon.fr\\\/\",\"name\":\"Powder ON\",\"description\":\"L&#039;expertise en poudre pharmaceutique\",\"publisher\":{\"@id\":\"https:\\\/\\\/www.powderon.fr\\\/#organization\"},\"potentialAction\":[{\"@type\":\"SearchAction\",\"target\":{\"@type\":\"EntryPoint\",\"urlTemplate\":\"https:\\\/\\\/www.powderon.fr\\\/?s={search_term_string}\"},\"query-input\":{\"@type\":\"PropertyValueSpecification\",\"valueRequired\":true,\"valueName\":\"search_term_string\"}}],\"inLanguage\":\"fr-FR\"},{\"@type\":\"Organization\",\"@id\":\"https:\\\/\\\/www.powderon.fr\\\/#organization\",\"name\":\"Powder ON\",\"url\":\"https:\\\/\\\/www.powderon.fr\\\/\",\"logo\":{\"@type\":\"ImageObject\",\"inLanguage\":\"fr-FR\",\"@id\":\"https:\\\/\\\/www.powderon.fr\\\/#\\\/schema\\\/logo\\\/image\\\/\",\"url\":\"https:\\\/\\\/www.powderon.fr\\\/wp-content\\\/uploads\\\/2020\\\/09\\\/cropped-logo-v5-couleur-1.png\",\"contentUrl\":\"https:\\\/\\\/www.powderon.fr\\\/wp-content\\\/uploads\\\/2020\\\/09\\\/cropped-logo-v5-couleur-1.png\",\"width\":2778,\"height\":1208,\"caption\":\"Powder ON\"},\"image\":{\"@id\":\"https:\\\/\\\/www.powderon.fr\\\/#\\\/schema\\\/logo\\\/image\\\/\"}}]}<\/script>\n<!-- \/ Yoast SEO plugin. -->","yoast_head_json":{"title":"Notre simulateur de compression - Powder ON","description":"Notre simulateur de compression Notre Styl'One evolution est un simulateur de compression. Cette machine d\u00e9di\u00e9 \u00e0 la R&D, permet aussi de faire des scale-up\/","robots":{"index":"index","follow":"follow","max-snippet":"max-snippet:-1","max-image-preview":"max-image-preview:large","max-video-preview":"max-video-preview:-1"},"canonical":"https:\/\/www.powderon.fr\/index.php\/notre-simulateur-de-compression\/","og_locale":"fr_FR","og_type":"article","og_title":"Powder ON : Les mat\u00e9riels de production et d'analyse","og_description":"Notre simulateur de compression Notre Styl'One evolution est un simulateur de compression. Cette machine d\u00e9di\u00e9 \u00e0 la R&D, permet aussi de faire des scale-up\/","og_url":"https:\/\/www.powderon.fr\/index.php\/notre-simulateur-de-compression\/","og_site_name":"Powder ON","article_modified_time":"2020-11-20T11:00:01+00:00","og_image":[{"url":"https:\/\/powderon.fr\/wp-content\/uploads\/2020\/09\/IMG_5399-scaled.jpg","type":"","width":"","height":""}],"twitter_card":"summary_large_image","twitter_misc":{"Dur\u00e9e de lecture estim\u00e9e":"1 minute"},"schema":{"@context":"https:\/\/schema.org","@graph":[{"@type":"WebPage","@id":"https:\/\/www.powderon.fr\/index.php\/notre-simulateur-de-compression\/","url":"https:\/\/www.powderon.fr\/index.php\/notre-simulateur-de-compression\/","name":"Notre simulateur de compression - Powder ON","isPartOf":{"@id":"https:\/\/www.powderon.fr\/#website"},"primaryImageOfPage":{"@id":"https:\/\/www.powderon.fr\/index.php\/notre-simulateur-de-compression\/#primaryimage"},"image":{"@id":"https:\/\/www.powderon.fr\/index.php\/notre-simulateur-de-compression\/#primaryimage"},"thumbnailUrl":"https:\/\/powderon.fr\/wp-content\/uploads\/2020\/09\/IMG_5399-scaled.jpg","datePublished":"2020-09-22T16:31:20+00:00","dateModified":"2020-11-20T11:00:01+00:00","description":"Notre simulateur de compression Notre Styl'One evolution est un simulateur de compression. Cette machine d\u00e9di\u00e9 \u00e0 la R&D, permet aussi de faire des scale-up\/","breadcrumb":{"@id":"https:\/\/www.powderon.fr\/index.php\/notre-simulateur-de-compression\/#breadcrumb"},"inLanguage":"fr-FR","potentialAction":[{"@type":"ReadAction","target":["https:\/\/www.powderon.fr\/index.php\/notre-simulateur-de-compression\/"]}]},{"@type":"ImageObject","inLanguage":"fr-FR","@id":"https:\/\/www.powderon.fr\/index.php\/notre-simulateur-de-compression\/#primaryimage","url":"https:\/\/powderon.fr\/wp-content\/uploads\/2020\/09\/IMG_5399-scaled.jpg","contentUrl":"https:\/\/powderon.fr\/wp-content\/uploads\/2020\/09\/IMG_5399-scaled.jpg"},{"@type":"BreadcrumbList","@id":"https:\/\/www.powderon.fr\/index.php\/notre-simulateur-de-compression\/#breadcrumb","itemListElement":[{"@type":"ListItem","position":1,"name":"Accueil","item":"https:\/\/www.powderon.fr\/"},{"@type":"ListItem","position":2,"name":"Notre simulateur de compression"}]},{"@type":"WebSite","@id":"https:\/\/www.powderon.fr\/#website","url":"https:\/\/www.powderon.fr\/","name":"Powder ON","description":"L&#039;expertise en poudre pharmaceutique","publisher":{"@id":"https:\/\/www.powderon.fr\/#organization"},"potentialAction":[{"@type":"SearchAction","target":{"@type":"EntryPoint","urlTemplate":"https:\/\/www.powderon.fr\/?s={search_term_string}"},"query-input":{"@type":"PropertyValueSpecification","valueRequired":true,"valueName":"search_term_string"}}],"inLanguage":"fr-FR"},{"@type":"Organization","@id":"https:\/\/www.powderon.fr\/#organization","name":"Powder ON","url":"https:\/\/www.powderon.fr\/","logo":{"@type":"ImageObject","inLanguage":"fr-FR","@id":"https:\/\/www.powderon.fr\/#\/schema\/logo\/image\/","url":"https:\/\/www.powderon.fr\/wp-content\/uploads\/2020\/09\/cropped-logo-v5-couleur-1.png","contentUrl":"https:\/\/www.powderon.fr\/wp-content\/uploads\/2020\/09\/cropped-logo-v5-couleur-1.png","width":2778,"height":1208,"caption":"Powder ON"},"image":{"@id":"https:\/\/www.powderon.fr\/#\/schema\/logo\/image\/"}}]}},"_links":{"self":[{"href":"https:\/\/www.powderon.fr\/index.php\/wp-json\/wp\/v2\/pages\/74","targetHints":{"allow":["GET"]}}],"collection":[{"href":"https:\/\/www.powderon.fr\/index.php\/wp-json\/wp\/v2\/pages"}],"about":[{"href":"https:\/\/www.powderon.fr\/index.php\/wp-json\/wp\/v2\/types\/page"}],"author":[{"embeddable":true,"href":"https:\/\/www.powderon.fr\/index.php\/wp-json\/wp\/v2\/users\/1"}],"replies":[{"embeddable":true,"href":"https:\/\/www.powderon.fr\/index.php\/wp-json\/wp\/v2\/comments?post=74"}],"version-history":[{"count":10,"href":"https:\/\/www.powderon.fr\/index.php\/wp-json\/wp\/v2\/pages\/74\/revisions"}],"predecessor-version":[{"id":246,"href":"https:\/\/www.powderon.fr\/index.php\/wp-json\/wp\/v2\/pages\/74\/revisions\/246"}],"wp:attachment":[{"href":"https:\/\/www.powderon.fr\/index.php\/wp-json\/wp\/v2\/media?parent=74"}],"curies":[{"name":"wp","href":"https:\/\/api.w.org\/{rel}","templated":true}]}}