{"id":98,"date":"2020-09-22T18:58:55","date_gmt":"2020-09-22T16:58:55","guid":{"rendered":"https:\/\/powderon.fr\/?page_id=98"},"modified":"2020-11-20T11:58:53","modified_gmt":"2020-11-20T10:58:53","slug":"nos-differents-materiels","status":"publish","type":"page","link":"https:\/\/www.powderon.fr\/index.php\/nos-differents-materiels\/","title":{"rendered":"Nos diff\u00e9rents Mat\u00e9riels"},"content":{"rendered":"\n<section class=\"wp-block-themeisle-blocks-advanced-columns alignfull has-1-columns has-desktop-equal-layout has-tablet-equal-layout has-mobile-equal-layout has-nogap-gap has-vertical-flex-start\" id=\"wp-block-themeisle-blocks-advanced-columns-0d54379d\"><div class=\"wp-block-themeisle-blocks-advanced-columns-overlay\"><\/div><div class=\"innerblocks-wrap\">\n<div class=\"wp-block-themeisle-blocks-advanced-column\" id=\"wp-block-themeisle-blocks-advanced-column-ba00a84a\">\n<section class=\"wp-block-themeisle-blocks-advanced-columns has-2-columns has-desktop-equal-layout has-tablet-equal-layout has-mobile-collapsedRows-layout has-nogap-gap has-vertical-center\" id=\"wp-block-themeisle-blocks-advanced-columns-363eccc7\"><div class=\"wp-block-themeisle-blocks-advanced-columns-overlay\"><\/div><div class=\"innerblocks-wrap\">\n<div class=\"wp-block-themeisle-blocks-advanced-column\" id=\"wp-block-themeisle-blocks-advanced-column-e32c15f5\">\n<div id=\"wp-block-themeisle-blocks-advanced-heading-19d0ecdb\" class=\"wp-block-themeisle-blocks-advanced-heading wp-block-themeisle-blocks-advanced-heading-19d0ecdb\"><strong>Outil de production, recherche &amp; developpement<\/strong><\/div>\n\n\n\n<h2 class=\"has-text-align-left wp-block-heading\">Le simulateur de compression Styl&rsquo;One evolution<\/h2>\n\n\n\n<p class=\"has-text-align-left\">Une presse \u00e0 comprim\u00e9s capable de simuler la plupart des presses du march\u00e9 et de r\u00e9aliser ainsi un scale-up directement dans nos locaux.<\/p>\n\n\n\n<div class=\"wp-block-buttons is-layout-flex wp-block-buttons-is-layout-flex\">\n<div class=\"wp-block-button\"><a class=\"wp-block-button__link\" href=\"https:\/\/powderon.fr\/index.php\/notre-simulateur-de-compression\/\">en savoir plus&#8230;<\/a><\/div>\n<\/div>\n<\/div>\n\n\n\n<div class=\"wp-block-themeisle-blocks-advanced-column\" id=\"wp-block-themeisle-blocks-advanced-column-6e1f4afe\">\n<figure class=\"wp-block-image size-large is-style-rounded\"><img fetchpriority=\"high\" decoding=\"async\" width=\"1024\" height=\"768\" src=\"https:\/\/powderon.fr\/wp-content\/uploads\/2020\/09\/IMG_5406-1024x768.jpg\" alt=\"\" class=\"wp-image-83\" srcset=\"https:\/\/www.powderon.fr\/wp-content\/uploads\/2020\/09\/IMG_5406-1024x768.jpg 1024w, https:\/\/www.powderon.fr\/wp-content\/uploads\/2020\/09\/IMG_5406-300x225.jpg 300w, https:\/\/www.powderon.fr\/wp-content\/uploads\/2020\/09\/IMG_5406-768x576.jpg 768w, https:\/\/www.powderon.fr\/wp-content\/uploads\/2020\/09\/IMG_5406-1536x1152.jpg 1536w, https:\/\/www.powderon.fr\/wp-content\/uploads\/2020\/09\/IMG_5406-2048x1536.jpg 2048w\" sizes=\"(max-width: 1024px) 100vw, 1024px\" \/><\/figure>\n<\/div>\n<\/div><\/section>\n\n\n\n<div style=\"height:100px\" aria-hidden=\"true\" class=\"wp-block-spacer\"><\/div>\n\n\n\n<section class=\"wp-block-themeisle-blocks-advanced-columns has-2-columns has-desktop-equal-layout has-tablet-equal-layout has-mobile-collapsedRows-layout has-nogap-gap has-vertical-center\" id=\"wp-block-themeisle-blocks-advanced-columns-3db1a44f\"><div class=\"wp-block-themeisle-blocks-advanced-columns-overlay\"><\/div><div class=\"innerblocks-wrap\">\n<div class=\"wp-block-themeisle-blocks-advanced-column\" id=\"wp-block-themeisle-blocks-advanced-column-4d559616\">\n<figure class=\"wp-block-image size-large is-style-rounded\"><img decoding=\"async\" width=\"1024\" height=\"776\" src=\"https:\/\/powderon.fr\/wp-content\/uploads\/2020\/09\/IMG_5413v2-1024x776.jpg\" alt=\"\" class=\"wp-image-103\" srcset=\"https:\/\/www.powderon.fr\/wp-content\/uploads\/2020\/09\/IMG_5413v2-1024x776.jpg 1024w, https:\/\/www.powderon.fr\/wp-content\/uploads\/2020\/09\/IMG_5413v2-300x227.jpg 300w, https:\/\/www.powderon.fr\/wp-content\/uploads\/2020\/09\/IMG_5413v2-768x582.jpg 768w, https:\/\/www.powderon.fr\/wp-content\/uploads\/2020\/09\/IMG_5413v2-1536x1164.jpg 1536w, https:\/\/www.powderon.fr\/wp-content\/uploads\/2020\/09\/IMG_5413v2-2048x1552.jpg 2048w\" sizes=\"(max-width: 1024px) 100vw, 1024px\" \/><\/figure>\n<\/div>\n\n\n\n<div class=\"wp-block-themeisle-blocks-advanced-column\" id=\"wp-block-themeisle-blocks-advanced-column-6b9e306f\">\n<div id=\"wp-block-themeisle-blocks-advanced-heading-76f90c48\" class=\"wp-block-themeisle-blocks-advanced-heading wp-block-themeisle-blocks-advanced-heading-76f90c48\"><strong><strong>OUTIL DE PRODUCTION, RECHERCHE &amp; DEVELOPPEMENT<\/strong><\/strong><\/div>\n\n\n\n<h2 class=\"has-text-align-left wp-block-heading\">Le lyophilisateur<\/h2>\n\n\n\n<p>Un outil au service du d\u00e9veloppement du lyophilisat, une forme pharmaceutique complexe \u00e0 mettre au point et sur laquelle nous pouvons apporter nos comp\u00e9tences<\/p>\n\n\n\n<div class=\"wp-block-buttons alignright is-layout-flex wp-block-buttons-is-layout-flex\">\n<div class=\"wp-block-button\"><a class=\"wp-block-button__link\">D\u00e9tails \u00e0 venir<\/a><\/div>\n<\/div>\n<\/div>\n<\/div><\/section>\n<\/div>\n<\/div><\/section>\n\n\n\n<section class=\"wp-block-themeisle-blocks-advanced-columns alignfull has-1-columns has-desktop-equal-layout has-tablet-equal-layout has-mobile-equal-layout has-nogap-gap has-vertical-flex-start\" id=\"wp-block-themeisle-blocks-advanced-columns-5813751f\"><div class=\"wp-block-themeisle-blocks-advanced-columns-overlay\"><\/div><div class=\"innerblocks-wrap\">\n<div class=\"wp-block-themeisle-blocks-advanced-column\" id=\"wp-block-themeisle-blocks-advanced-column-f56b89a8\">\n<section class=\"wp-block-themeisle-blocks-advanced-columns has-2-columns has-desktop-equal-layout has-tablet-equal-layout has-mobile-collapsedRows-layout has-nogap-gap has-vertical-center\" id=\"wp-block-themeisle-blocks-advanced-columns-e53e61ff\"><div class=\"wp-block-themeisle-blocks-advanced-columns-overlay\"><\/div><div class=\"innerblocks-wrap\">\n<div class=\"wp-block-themeisle-blocks-advanced-column\" id=\"wp-block-themeisle-blocks-advanced-column-5c99361a\">\n<div id=\"wp-block-themeisle-blocks-advanced-heading-9d9f8f7e\" class=\"wp-block-themeisle-blocks-advanced-heading wp-block-themeisle-blocks-advanced-heading-9d9f8f7e\"><strong>Outil d&rsquo;analyse<\/strong> <\/div>\n\n\n\n<h2 class=\"has-text-align-left wp-block-heading\">Le granulom\u00e8tre laser<\/h2>\n\n\n\n<p class=\"has-text-align-left\">Pour mieux accompagner le d\u00e9veloppement, le granulom\u00e8tre Beckman Coulter LS 13 320-XR permet la mesure de la distribution granulom\u00e9trique de poudres par diffraction laser, de quelques dizaines de nanom\u00e8tres \u00e0 quelques millim\u00e8tres. Les configurations de l&rsquo;appareil permettent l&rsquo;\u00e9tude des \u00e9chantillons en milieux liquides comme a\u00e9rien.<\/p>\n\n\n\n<div class=\"wp-block-buttons is-layout-flex wp-block-buttons-is-layout-flex\">\n<div class=\"wp-block-button\"><a class=\"wp-block-button__link\">D\u00e9tails \u00e0 venir<\/a><\/div>\n<\/div>\n<\/div>\n\n\n\n<div class=\"wp-block-themeisle-blocks-advanced-column\" id=\"wp-block-themeisle-blocks-advanced-column-956d11c5\">\n<figure class=\"wp-block-image size-large is-style-rounded\"><img decoding=\"async\" width=\"1024\" height=\"768\" src=\"https:\/\/powderon.fr\/wp-content\/uploads\/2020\/09\/IMG_5415-1024x768.jpg\" alt=\"\" class=\"wp-image-110\" srcset=\"https:\/\/www.powderon.fr\/wp-content\/uploads\/2020\/09\/IMG_5415-1024x768.jpg 1024w, https:\/\/www.powderon.fr\/wp-content\/uploads\/2020\/09\/IMG_5415-300x225.jpg 300w, https:\/\/www.powderon.fr\/wp-content\/uploads\/2020\/09\/IMG_5415-768x576.jpg 768w, https:\/\/www.powderon.fr\/wp-content\/uploads\/2020\/09\/IMG_5415-1536x1152.jpg 1536w, https:\/\/www.powderon.fr\/wp-content\/uploads\/2020\/09\/IMG_5415-2048x1536.jpg 2048w\" sizes=\"(max-width: 1024px) 100vw, 1024px\" \/><\/figure>\n<\/div>\n<\/div><\/section>\n\n\n\n<div style=\"height:100px\" aria-hidden=\"true\" class=\"wp-block-spacer\"><\/div>\n\n\n\n<section class=\"wp-block-themeisle-blocks-advanced-columns has-2-columns has-desktop-equal-layout has-tablet-equal-layout has-mobile-collapsedRows-layout has-nogap-gap has-vertical-center\" id=\"wp-block-themeisle-blocks-advanced-columns-9aeca8e9\"><div class=\"wp-block-themeisle-blocks-advanced-columns-overlay\"><\/div><div class=\"innerblocks-wrap\">\n<div class=\"wp-block-themeisle-blocks-advanced-column\" id=\"wp-block-themeisle-blocks-advanced-column-96ed19eb\">\n<figure class=\"wp-block-image size-large is-style-rounded\"><img loading=\"lazy\" decoding=\"async\" width=\"959\" height=\"718\" src=\"https:\/\/powderon.fr\/wp-content\/uploads\/2020\/09\/ensemble2.png\" alt=\"\" class=\"wp-image-109\" srcset=\"https:\/\/www.powderon.fr\/wp-content\/uploads\/2020\/09\/ensemble2.png 959w, https:\/\/www.powderon.fr\/wp-content\/uploads\/2020\/09\/ensemble2-300x225.png 300w, https:\/\/www.powderon.fr\/wp-content\/uploads\/2020\/09\/ensemble2-768x575.png 768w\" sizes=\"(max-width: 959px) 100vw, 959px\" \/><\/figure>\n<\/div>\n\n\n\n<div class=\"wp-block-themeisle-blocks-advanced-column\" id=\"wp-block-themeisle-blocks-advanced-column-8674db65\">\n<div id=\"wp-block-themeisle-blocks-advanced-heading-569ae533\" class=\"wp-block-themeisle-blocks-advanced-heading wp-block-themeisle-blocks-advanced-heading-569ae533\"><strong><strong>OUTIL D&rsquo;analyse<\/strong><\/strong><\/div>\n\n\n\n<h2 class=\"has-text-align-left wp-block-heading\">Le mat\u00e9riel pharmacop\u00e9e<\/h2>\n\n\n\n<p>Nous disposons de la plupart des appareils requis par la Pharmacop\u00e9e afin de r\u00e9aliser les tests de base.<\/p>\n\n\n\n<div class=\"wp-block-buttons is-layout-flex wp-block-buttons-is-layout-flex\">\n<div class=\"wp-block-button\"><a class=\"wp-block-button__link\">D\u00e9tails \u00e0 venir<\/a><\/div>\n<\/div>\n<\/div>\n<\/div><\/section>\n<\/div>\n<\/div><\/section>\n\n\n\n<section class=\"wp-block-themeisle-blocks-advanced-columns alignfull has-1-columns has-desktop-equal-layout has-tablet-equal-layout has-mobile-equal-layout has-nogap-gap has-vertical-flex-start\" id=\"wp-block-themeisle-blocks-advanced-columns-6289c8f2\"><div class=\"wp-block-themeisle-blocks-advanced-columns-overlay\"><\/div><div class=\"innerblocks-wrap\">\n<div class=\"wp-block-themeisle-blocks-advanced-column\" id=\"wp-block-themeisle-blocks-advanced-column-96906e8a\">\n<section class=\"wp-block-themeisle-blocks-advanced-columns has-2-columns has-desktop-equal-layout has-tablet-equal-layout has-mobile-collapsedRows-layout has-nogap-gap has-vertical-center\" id=\"wp-block-themeisle-blocks-advanced-columns-40f7f4aa\"><div class=\"wp-block-themeisle-blocks-advanced-columns-overlay\"><\/div><div class=\"innerblocks-wrap\">\n<div class=\"wp-block-themeisle-blocks-advanced-column\" id=\"wp-block-themeisle-blocks-advanced-column-d956bd3b\">\n<div id=\"wp-block-themeisle-blocks-advanced-heading-1747c810\" class=\"wp-block-themeisle-blocks-advanced-heading wp-block-themeisle-blocks-advanced-heading-1747c810\"><strong>Outil d&rsquo;analyse<\/strong> <\/div>\n\n\n\n<h2 class=\"has-text-align-left wp-block-heading\">Le spectrophotom\u00e8tre UV diode avec fibre optique  <\/h2>\n\n\n\n<p class=\"has-text-align-left\">Le spectrophotom\u00e8tre \u00e0 barrette de diodes permet des analyses spectrales compl\u00e8tes en quelques secondes. L&rsquo;utilisation d&rsquo;une fibre optique donne acc\u00e8s aux cin\u00e9tiques de lib\u00e9ration rapide sans aucun pr\u00e9l\u00e8vement  et donc sans perturbation du milieu.<\/p>\n\n\n\n<div class=\"wp-block-buttons is-layout-flex wp-block-buttons-is-layout-flex\">\n<div class=\"wp-block-button\"><a class=\"wp-block-button__link\">D\u00e9tails \u00e0 venir<\/a><\/div>\n<\/div>\n<\/div>\n\n\n\n<div class=\"wp-block-themeisle-blocks-advanced-column\" id=\"wp-block-themeisle-blocks-advanced-column-bcbfb1a6\">\n<figure class=\"wp-block-image size-large is-style-rounded\"><img loading=\"lazy\" decoding=\"async\" width=\"1024\" height=\"767\" src=\"https:\/\/powderon.fr\/wp-content\/uploads\/2020\/09\/cq5dam.web_.1280.1280-1024x767.png\" alt=\"\" class=\"wp-image-115\" srcset=\"https:\/\/www.powderon.fr\/wp-content\/uploads\/2020\/09\/cq5dam.web_.1280.1280-1024x767.png 1024w, https:\/\/www.powderon.fr\/wp-content\/uploads\/2020\/09\/cq5dam.web_.1280.1280-300x225.png 300w, https:\/\/www.powderon.fr\/wp-content\/uploads\/2020\/09\/cq5dam.web_.1280.1280-768x575.png 768w, https:\/\/www.powderon.fr\/wp-content\/uploads\/2020\/09\/cq5dam.web_.1280.1280.png 1228w\" sizes=\"(max-width: 1024px) 100vw, 1024px\" \/><\/figure>\n<\/div>\n<\/div><\/section>\n\n\n\n<div style=\"height:100px\" aria-hidden=\"true\" class=\"wp-block-spacer\"><\/div>\n\n\n\n<section class=\"wp-block-themeisle-blocks-advanced-columns has-2-columns has-desktop-equal-layout has-tablet-equal-layout has-mobile-collapsedRows-layout has-nogap-gap has-vertical-center\" id=\"wp-block-themeisle-blocks-advanced-columns-0a57ae70\"><div class=\"wp-block-themeisle-blocks-advanced-columns-overlay\"><\/div><div class=\"innerblocks-wrap\">\n<div class=\"wp-block-themeisle-blocks-advanced-column\" id=\"wp-block-themeisle-blocks-advanced-column-26752b57\">\n<figure class=\"wp-block-image size-large is-style-rounded\"><img loading=\"lazy\" decoding=\"async\" width=\"1024\" height=\"768\" src=\"https:\/\/www.powderon.fr\/wp-content\/uploads\/2020\/11\/IMG_5671-1024x768.jpg\" alt=\"\" class=\"wp-image-233\" srcset=\"https:\/\/www.powderon.fr\/wp-content\/uploads\/2020\/11\/IMG_5671-1024x768.jpg 1024w, https:\/\/www.powderon.fr\/wp-content\/uploads\/2020\/11\/IMG_5671-300x225.jpg 300w, https:\/\/www.powderon.fr\/wp-content\/uploads\/2020\/11\/IMG_5671-768x576.jpg 768w, https:\/\/www.powderon.fr\/wp-content\/uploads\/2020\/11\/IMG_5671-1536x1152.jpg 1536w, https:\/\/www.powderon.fr\/wp-content\/uploads\/2020\/11\/IMG_5671-2048x1536.jpg 2048w\" sizes=\"(max-width: 1024px) 100vw, 1024px\" \/><\/figure>\n<\/div>\n\n\n\n<div class=\"wp-block-themeisle-blocks-advanced-column\" id=\"wp-block-themeisle-blocks-advanced-column-ba83a10a\">\n<div id=\"wp-block-themeisle-blocks-advanced-heading-390a7e16\" class=\"wp-block-themeisle-blocks-advanced-heading wp-block-themeisle-blocks-advanced-heading-390a7e16\"><strong><strong>OUTIL D&rsquo;analyse<\/strong><\/strong> <strong>expert<\/strong><\/div>\n\n\n\n<h2 class=\"has-text-align-left wp-block-heading\">Le microscope \u00e9lectronique \u00e0 balayage<\/h2>\n\n\n\n<p>Le microscope \u00e9lectronique \u00e0 balayage (MEB) nous permet d&rsquo;observer les poudres pharmaceutiques sur lesquelles nous travaillons, d&rsquo;\u00e9tudier leurs structures, leurs impuret\u00e9s. Que cela soit sur des poudres destin\u00e9es \u00e0 la compression, \u00e0 la n\u00e9bulisation, ou encore \u00e0 la fabrication d&rsquo;injectables. <br>En outre, directement apr\u00e8s compression ou lyophilisation, nous pouvons \u00e9tudier le r\u00e9sultat de notre production et en v\u00e9rifier diff\u00e9rents aspects, par exemple la coh\u00e9sion des couches dans les multicouches. Le module EDX nous permet d&rsquo;\u00e9tudier la r\u00e9partition des diff\u00e9rents composants chimique. <\/p>\n\n\n\n<div class=\"wp-block-buttons is-layout-flex wp-block-buttons-is-layout-flex\">\n<div class=\"wp-block-button\"><a class=\"wp-block-button__link\">D\u00e9tails \u00e0 venir<\/a><\/div>\n<\/div>\n<\/div>\n<\/div><\/section>\n<\/div>\n<\/div><\/section>\n\n\n\n<p><\/p>\n","protected":false},"excerpt":{"rendered":"","protected":false},"author":1,"featured_media":0,"parent":0,"menu_order":0,"comment_status":"closed","ping_status":"closed","template":"","meta":{"_monsterinsights_skip_tracking":false,"_monsterinsights_sitenote_active":false,"_monsterinsights_sitenote_note":"","_monsterinsights_sitenote_category":0,"footnotes":""},"class_list":["post-98","page","type-page","status-publish","hentry"],"yoast_head":"<!-- This site is optimized with the Yoast SEO plugin v27.5 - https:\/\/yoast.com\/product\/yoast-seo-wordpress\/ -->\n<title>Nos diff\u00e9rents Mat\u00e9riels - Powder ON<\/title>\n<meta name=\"description\" content=\"D\u00e9couvrez l&#039;\u00e9tendu de nos mat\u00e9riels et installations : salles BPF, simulateur de compression, granulom\u00e8tre laser, lyophilisateur, MEB...\" \/>\n<meta name=\"robots\" content=\"index, follow, max-snippet:-1, max-image-preview:large, max-video-preview:-1\" \/>\n<link rel=\"canonical\" href=\"https:\/\/www.powderon.fr\/index.php\/nos-differents-materiels\/\" \/>\n<meta property=\"og:locale\" content=\"fr_FR\" \/>\n<meta property=\"og:type\" content=\"article\" \/>\n<meta property=\"og:title\" content=\"Nos diff\u00e9rents Mat\u00e9riels - Powder ON\" \/>\n<meta property=\"og:description\" content=\"D\u00e9couvrez l&#039;\u00e9tendu de nos mat\u00e9riels et installations : salles BPF, simulateur de compression, granulom\u00e8tre laser, lyophilisateur, MEB...\" \/>\n<meta property=\"og:url\" content=\"https:\/\/www.powderon.fr\/index.php\/nos-differents-materiels\/\" \/>\n<meta property=\"og:site_name\" content=\"Powder ON\" \/>\n<meta property=\"article:modified_time\" content=\"2020-11-20T10:58:53+00:00\" \/>\n<meta property=\"og:image\" content=\"https:\/\/powderon.fr\/wp-content\/uploads\/2020\/09\/IMG_5406-1024x768.jpg\" \/>\n<meta name=\"twitter:card\" content=\"summary_large_image\" \/>\n<meta name=\"twitter:label1\" content=\"Dur\u00e9e de lecture estim\u00e9e\" \/>\n\t<meta name=\"twitter:data1\" content=\"2 minutes\" \/>\n<script type=\"application\/ld+json\" class=\"yoast-schema-graph\">{\"@context\":\"https:\\\/\\\/schema.org\",\"@graph\":[{\"@type\":\"WebPage\",\"@id\":\"https:\\\/\\\/www.powderon.fr\\\/index.php\\\/nos-differents-materiels\\\/\",\"url\":\"https:\\\/\\\/www.powderon.fr\\\/index.php\\\/nos-differents-materiels\\\/\",\"name\":\"Nos diff\u00e9rents Mat\u00e9riels - Powder ON\",\"isPartOf\":{\"@id\":\"https:\\\/\\\/www.powderon.fr\\\/#website\"},\"primaryImageOfPage\":{\"@id\":\"https:\\\/\\\/www.powderon.fr\\\/index.php\\\/nos-differents-materiels\\\/#primaryimage\"},\"image\":{\"@id\":\"https:\\\/\\\/www.powderon.fr\\\/index.php\\\/nos-differents-materiels\\\/#primaryimage\"},\"thumbnailUrl\":\"https:\\\/\\\/powderon.fr\\\/wp-content\\\/uploads\\\/2020\\\/09\\\/IMG_5406-1024x768.jpg\",\"datePublished\":\"2020-09-22T16:58:55+00:00\",\"dateModified\":\"2020-11-20T10:58:53+00:00\",\"description\":\"D\u00e9couvrez l'\u00e9tendu de nos mat\u00e9riels et installations : salles BPF, simulateur de compression, granulom\u00e8tre laser, lyophilisateur, MEB...\",\"breadcrumb\":{\"@id\":\"https:\\\/\\\/www.powderon.fr\\\/index.php\\\/nos-differents-materiels\\\/#breadcrumb\"},\"inLanguage\":\"fr-FR\",\"potentialAction\":[{\"@type\":\"ReadAction\",\"target\":[\"https:\\\/\\\/www.powderon.fr\\\/index.php\\\/nos-differents-materiels\\\/\"]}]},{\"@type\":\"ImageObject\",\"inLanguage\":\"fr-FR\",\"@id\":\"https:\\\/\\\/www.powderon.fr\\\/index.php\\\/nos-differents-materiels\\\/#primaryimage\",\"url\":\"https:\\\/\\\/powderon.fr\\\/wp-content\\\/uploads\\\/2020\\\/09\\\/IMG_5406-1024x768.jpg\",\"contentUrl\":\"https:\\\/\\\/powderon.fr\\\/wp-content\\\/uploads\\\/2020\\\/09\\\/IMG_5406-1024x768.jpg\"},{\"@type\":\"BreadcrumbList\",\"@id\":\"https:\\\/\\\/www.powderon.fr\\\/index.php\\\/nos-differents-materiels\\\/#breadcrumb\",\"itemListElement\":[{\"@type\":\"ListItem\",\"position\":1,\"name\":\"Accueil\",\"item\":\"https:\\\/\\\/www.powderon.fr\\\/\"},{\"@type\":\"ListItem\",\"position\":2,\"name\":\"Nos diff\u00e9rents Mat\u00e9riels\"}]},{\"@type\":\"WebSite\",\"@id\":\"https:\\\/\\\/www.powderon.fr\\\/#website\",\"url\":\"https:\\\/\\\/www.powderon.fr\\\/\",\"name\":\"Powder ON\",\"description\":\"L&#039;expertise en poudre pharmaceutique\",\"publisher\":{\"@id\":\"https:\\\/\\\/www.powderon.fr\\\/#organization\"},\"potentialAction\":[{\"@type\":\"SearchAction\",\"target\":{\"@type\":\"EntryPoint\",\"urlTemplate\":\"https:\\\/\\\/www.powderon.fr\\\/?s={search_term_string}\"},\"query-input\":{\"@type\":\"PropertyValueSpecification\",\"valueRequired\":true,\"valueName\":\"search_term_string\"}}],\"inLanguage\":\"fr-FR\"},{\"@type\":\"Organization\",\"@id\":\"https:\\\/\\\/www.powderon.fr\\\/#organization\",\"name\":\"Powder ON\",\"url\":\"https:\\\/\\\/www.powderon.fr\\\/\",\"logo\":{\"@type\":\"ImageObject\",\"inLanguage\":\"fr-FR\",\"@id\":\"https:\\\/\\\/www.powderon.fr\\\/#\\\/schema\\\/logo\\\/image\\\/\",\"url\":\"https:\\\/\\\/www.powderon.fr\\\/wp-content\\\/uploads\\\/2020\\\/09\\\/cropped-logo-v5-couleur-1.png\",\"contentUrl\":\"https:\\\/\\\/www.powderon.fr\\\/wp-content\\\/uploads\\\/2020\\\/09\\\/cropped-logo-v5-couleur-1.png\",\"width\":2778,\"height\":1208,\"caption\":\"Powder ON\"},\"image\":{\"@id\":\"https:\\\/\\\/www.powderon.fr\\\/#\\\/schema\\\/logo\\\/image\\\/\"}}]}<\/script>\n<!-- \/ Yoast SEO plugin. -->","yoast_head_json":{"title":"Nos diff\u00e9rents Mat\u00e9riels - Powder ON","description":"D\u00e9couvrez l'\u00e9tendu de nos mat\u00e9riels et installations : salles BPF, simulateur de compression, granulom\u00e8tre laser, lyophilisateur, MEB...","robots":{"index":"index","follow":"follow","max-snippet":"max-snippet:-1","max-image-preview":"max-image-preview:large","max-video-preview":"max-video-preview:-1"},"canonical":"https:\/\/www.powderon.fr\/index.php\/nos-differents-materiels\/","og_locale":"fr_FR","og_type":"article","og_title":"Nos diff\u00e9rents Mat\u00e9riels - Powder ON","og_description":"D\u00e9couvrez l'\u00e9tendu de nos mat\u00e9riels et installations : salles BPF, simulateur de compression, granulom\u00e8tre laser, lyophilisateur, MEB...","og_url":"https:\/\/www.powderon.fr\/index.php\/nos-differents-materiels\/","og_site_name":"Powder ON","article_modified_time":"2020-11-20T10:58:53+00:00","og_image":[{"url":"https:\/\/powderon.fr\/wp-content\/uploads\/2020\/09\/IMG_5406-1024x768.jpg","type":"","width":"","height":""}],"twitter_card":"summary_large_image","twitter_misc":{"Dur\u00e9e de lecture estim\u00e9e":"2 minutes"},"schema":{"@context":"https:\/\/schema.org","@graph":[{"@type":"WebPage","@id":"https:\/\/www.powderon.fr\/index.php\/nos-differents-materiels\/","url":"https:\/\/www.powderon.fr\/index.php\/nos-differents-materiels\/","name":"Nos diff\u00e9rents Mat\u00e9riels - Powder ON","isPartOf":{"@id":"https:\/\/www.powderon.fr\/#website"},"primaryImageOfPage":{"@id":"https:\/\/www.powderon.fr\/index.php\/nos-differents-materiels\/#primaryimage"},"image":{"@id":"https:\/\/www.powderon.fr\/index.php\/nos-differents-materiels\/#primaryimage"},"thumbnailUrl":"https:\/\/powderon.fr\/wp-content\/uploads\/2020\/09\/IMG_5406-1024x768.jpg","datePublished":"2020-09-22T16:58:55+00:00","dateModified":"2020-11-20T10:58:53+00:00","description":"D\u00e9couvrez l'\u00e9tendu de nos mat\u00e9riels et installations : salles BPF, simulateur de compression, granulom\u00e8tre laser, lyophilisateur, MEB...","breadcrumb":{"@id":"https:\/\/www.powderon.fr\/index.php\/nos-differents-materiels\/#breadcrumb"},"inLanguage":"fr-FR","potentialAction":[{"@type":"ReadAction","target":["https:\/\/www.powderon.fr\/index.php\/nos-differents-materiels\/"]}]},{"@type":"ImageObject","inLanguage":"fr-FR","@id":"https:\/\/www.powderon.fr\/index.php\/nos-differents-materiels\/#primaryimage","url":"https:\/\/powderon.fr\/wp-content\/uploads\/2020\/09\/IMG_5406-1024x768.jpg","contentUrl":"https:\/\/powderon.fr\/wp-content\/uploads\/2020\/09\/IMG_5406-1024x768.jpg"},{"@type":"BreadcrumbList","@id":"https:\/\/www.powderon.fr\/index.php\/nos-differents-materiels\/#breadcrumb","itemListElement":[{"@type":"ListItem","position":1,"name":"Accueil","item":"https:\/\/www.powderon.fr\/"},{"@type":"ListItem","position":2,"name":"Nos diff\u00e9rents Mat\u00e9riels"}]},{"@type":"WebSite","@id":"https:\/\/www.powderon.fr\/#website","url":"https:\/\/www.powderon.fr\/","name":"Powder ON","description":"L&#039;expertise en poudre pharmaceutique","publisher":{"@id":"https:\/\/www.powderon.fr\/#organization"},"potentialAction":[{"@type":"SearchAction","target":{"@type":"EntryPoint","urlTemplate":"https:\/\/www.powderon.fr\/?s={search_term_string}"},"query-input":{"@type":"PropertyValueSpecification","valueRequired":true,"valueName":"search_term_string"}}],"inLanguage":"fr-FR"},{"@type":"Organization","@id":"https:\/\/www.powderon.fr\/#organization","name":"Powder ON","url":"https:\/\/www.powderon.fr\/","logo":{"@type":"ImageObject","inLanguage":"fr-FR","@id":"https:\/\/www.powderon.fr\/#\/schema\/logo\/image\/","url":"https:\/\/www.powderon.fr\/wp-content\/uploads\/2020\/09\/cropped-logo-v5-couleur-1.png","contentUrl":"https:\/\/www.powderon.fr\/wp-content\/uploads\/2020\/09\/cropped-logo-v5-couleur-1.png","width":2778,"height":1208,"caption":"Powder ON"},"image":{"@id":"https:\/\/www.powderon.fr\/#\/schema\/logo\/image\/"}}]}},"_links":{"self":[{"href":"https:\/\/www.powderon.fr\/index.php\/wp-json\/wp\/v2\/pages\/98","targetHints":{"allow":["GET"]}}],"collection":[{"href":"https:\/\/www.powderon.fr\/index.php\/wp-json\/wp\/v2\/pages"}],"about":[{"href":"https:\/\/www.powderon.fr\/index.php\/wp-json\/wp\/v2\/types\/page"}],"author":[{"embeddable":true,"href":"https:\/\/www.powderon.fr\/index.php\/wp-json\/wp\/v2\/users\/1"}],"replies":[{"embeddable":true,"href":"https:\/\/www.powderon.fr\/index.php\/wp-json\/wp\/v2\/comments?post=98"}],"version-history":[{"count":14,"href":"https:\/\/www.powderon.fr\/index.php\/wp-json\/wp\/v2\/pages\/98\/revisions"}],"predecessor-version":[{"id":245,"href":"https:\/\/www.powderon.fr\/index.php\/wp-json\/wp\/v2\/pages\/98\/revisions\/245"}],"wp:attachment":[{"href":"https:\/\/www.powderon.fr\/index.php\/wp-json\/wp\/v2\/media?parent=98"}],"curies":[{"name":"wp","href":"https:\/\/api.w.org\/{rel}","templated":true}]}}